{"id":17166,"date":"2018-10-20T00:24:21","date_gmt":"2018-10-20T00:24:21","guid":{"rendered":"https:\/\/gast.vamtam.com\/?page_id=17166"},"modified":"2024-01-10T17:22:06","modified_gmt":"2024-01-10T17:22:06","slug":"yara-hotel-maramures-viseu-de-sus-mocani","status":"publish","type":"page","link":"https:\/\/hotelyara.ro\/en\/","title":{"rendered":"Yara \u2013 The unforgettable experience of Maramure\u0219!"},"content":{"rendered":"<div class=\"vgblk-rw-wrapper limit-wrapper\">\n\n\t<button onclick=\"window.location.href='https:\/\/www.5stardesk.com\/booking-engine\/hotel-yara';\">Verific\u0103 disponibilitatea<\/button>\n<h2>\n\tHotelul nostru\n\t<\/h2>\n\t<p>Despre Yara<\/p>\n<h1>\n\tLocul \u00een care p\u0103\u0219e\u0219ti ca \u0219i client \u0219i te \u00eentorci ca \u0219i prieten.\n\t<\/h1>\n\t<p>Hotel Yara se afl\u0103 \u00een Vi\u0219eu de Sus, la 24 km de biserica de lemn din Ieud, \u0219i ofer\u0103 cazare cu gr\u0103din\u0103, lounge comun, teras\u0103 \u0219i parcare privat\u0103 gratuit\u0103. Acest hotel de 3 stele ofer\u0103 o recep\u021bie deschis\u0103 nonstop, un serviciu de concierge \u0219i acces gratuit la internet WiFi. Oaspe\u021bii au la dispozi\u021bie un restaurant \u0219i un centru de wellness \u0219i spa, cu piscin\u0103 interioar\u0103, saun\u0103 \u0219i cad\u0103 cu hidromasaj.<\/p>\n\t<a href=\"https:\/\/www.5stardesk.com\/booking-engine\/hotel-yara\" target=\"_blank\" role=\"button\" rel=\"noopener\">\n\t\t\t\t\tVerific\u0103 disponibilitatea\n\t<\/a>\n<h2>\n\tContacteaz\u0103-ne\n\t<\/h2>\n\t<p>Orice vrei sa afli , po\u021bi s\u0103 ne contactezi aici<\/p>\n<h3>\n\tTrimite-ne un mesaj \u0219i te vom contacta c\u00e2t mai repede\n\t<\/h3>\n\t<div class=\"wpforms-container \" id=\"wpforms-17222\"><form id=\"wpforms-form-17222\" class=\"wpforms-validate wpforms-form\" data-formid=\"17222\" method=\"post\" enctype=\"multipart\/form-data\" action=\"\/en\/wp-json\/wp\/v2\/pages\/17166\" data-token=\"72b829b1cf660e9b7d9ef81564f64eec\" data-token-time=\"1775573219\"><noscript class=\"wpforms-error-noscript\">Please enable JavaScript in your browser to complete this form.<\/noscript><div class=\"wpforms-field-container\"><div id=\"wpforms-17222-field_0-container\" class=\"wpforms-field wpforms-field-name wpforms-one-half wpforms-first\" data-field-id=\"0\"><label class=\"wpforms-field-label\" for=\"wpforms-17222-field_0\">Nume <span class=\"wpforms-required-label\">*<\/span><\/label><input type=\"text\" id=\"wpforms-17222-field_0\" class=\"wpforms-field-large wpforms-field-required\" name=\"wpforms[fields][0]\" placeholder=\"Nume\" required><\/div><div id=\"wpforms-17222-field_4-container\" class=\"wpforms-field wpforms-field-name wpforms-one-half\" data-field-id=\"4\"><label class=\"wpforms-field-label\" for=\"wpforms-17222-field_4\">Companie<\/label><input type=\"text\" id=\"wpforms-17222-field_4\" class=\"wpforms-field-large\" name=\"wpforms[fields][4]\" placeholder=\"Companie\" ><\/div><div id=\"wpforms-17222-field_1-container\" class=\"wpforms-field wpforms-field-email wpforms-one-half wpforms-first\" data-field-id=\"1\"><label class=\"wpforms-field-label\" for=\"wpforms-17222-field_1\">E-mail <span class=\"wpforms-required-label\">*<\/span><\/label><input type=\"email\" id=\"wpforms-17222-field_1\" class=\"wpforms-field-large wpforms-field-required\" name=\"wpforms[fields][1]\" placeholder=\"E-mail\" spellcheck=\"false\" required><\/div><div id=\"wpforms-17222-field_5-container\" class=\"wpforms-field wpforms-field-number wpforms-one-half\" data-field-id=\"5\"><label class=\"wpforms-field-label\" for=\"wpforms-17222-field_5\">Numar de telefon <span class=\"wpforms-required-label\">*<\/span><\/label><input type=\"number\" id=\"wpforms-17222-field_5\" class=\"wpforms-field-large wpforms-field-required\" name=\"wpforms[fields][5]\" placeholder=\"Numar de telefon\" step=\"any\" required><\/div><div id=\"wpforms-17222-field_2-container\" class=\"wpforms-field wpforms-field-textarea wpforms-first\" data-field-id=\"2\"><label class=\"wpforms-field-label\" for=\"wpforms-17222-field_2\">Detalii <span class=\"wpforms-required-label\">*<\/span><\/label><textarea id=\"wpforms-17222-field_2\" class=\"wpforms-field-medium wpforms-field-required\" name=\"wpforms[fields][2]\" placeholder=\"Mesajul tau pana la 500 de caractere...\" required><\/textarea><\/div><\/div><!-- .wpforms-field-container --><div class=\"wpforms-field wpforms-field-hp\"><label for=\"wpforms-17222-field-hp\" class=\"wpforms-field-label\">Comment<\/label><input type=\"text\" name=\"wpforms[hp]\" id=\"wpforms-17222-field-hp\" class=\"wpforms-field-medium\"><\/div><div class=\"wpforms-submit-container\" ><input type=\"hidden\" name=\"wpforms[id]\" value=\"17222\"><input type=\"hidden\" name=\"page_title\" value=\"\"><input type=\"hidden\" name=\"page_url\" value=\"https:\/\/hotelyara.ro\/en\/wp-json\/wp\/v2\/pages\/17166\"><input type=\"hidden\" name=\"url_referer\" value=\"\"><button type=\"submit\" name=\"wpforms[submit]\" id=\"wpforms-submit-17222\" class=\"wpforms-submit\" data-alt-text=\"Trimitere...\" data-submit-text=\"Trimite mesaj\" aria-live=\"assertive\" value=\"wpforms-submit\">Trimite mesaj<\/button><\/div><\/form><\/div>  <!-- .wpforms-container -->\n<h3>\n\tViziteaz\u0103-ne\n\t<\/h3>\n\t<p><a href=\"https:\/\/www.google.com\/search?q=hotel+yara&amp;oq=&amp;aqs=chrome.0.69i59l3j35i39j46i175i199i457i512j69i60l3.1327j0j7&amp;sourceid=chrome&amp;ie=UTF-8#\">Strada 1 Mai 52,<\/a><\/p>\n<p>Vi\u0219eu de Sus, Maramures<\/p>\n<p>435700<\/p>\n<h3>\n\tSun\u0103-ne\n\t<\/h3>\n\t+ 4 0750 858 580<br \/>\n<a href=\"mailto:contact@hotelyara.ro\">contact@hotelyara.ro<\/a>\n<h3>\n\tOre Check -in\n\t<\/h3>\n\t<p>15:00 &#8211; 22:00<\/p>\n<h3>\n\tOre Check -out\n\t<\/h3>\n\t<p>00:00 &#8211; 10:00<\/p>\n\n<\/div><!-- .vgblk-rw-wrapper -->","protected":false},"excerpt":{"rendered":"<p>Check availability Our Hotel About Yara The place where you enter as a customer and return as a friend. Located in Vi\u0219eu de Sus, 24 km from Ieud Wooden Church, Hotel Yara provides accommodation with a garden, a shared lounge, a terrace and free private parking. This 3-star hotel offers a\u2026<\/p>","protected":false},"author":1,"featured_media":987702,"parent":0,"menu_order":0,"comment_status":"closed","ping_status":"closed","template":"","meta":{"inline_featured_image":false,"footnotes":""},"class_list":["post-17166","page","type-page","status-publish","has-post-thumbnail","hentry"],"yoast_head":"<!-- This site is optimized with the Yoast SEO plugin v27.3 - https:\/\/yoast.com\/product\/yoast-seo-wordpress\/ -->\n<title>Hotel Yara - Experien\u021ba de neuitat din Maramure\u0219<\/title>\n<meta name=\"description\" content=\"Aproape de mocani\u021b\u0103 \u00een Vi\u0219eu de Sus, oaspe\u021bii au la dispozi\u021bie un restaurant \u0219i un centru de wellness \u0219i spa, cu piscin\u0103 interioar\u0103 \u0219i saun\u0103.\" \/>\n<meta name=\"robots\" content=\"index, follow, max-snippet:-1, max-image-preview:large, max-video-preview:-1\" \/>\n<link rel=\"canonical\" href=\"https:\/\/hotelyara.ro\/en\/\" \/>\n<meta property=\"og:locale\" content=\"en_US\" \/>\n<meta property=\"og:type\" content=\"article\" \/>\n<meta property=\"og:title\" content=\"Hotel Yara - Experien\u021ba de neuitat din Maramure\u0219\" \/>\n<meta property=\"og:description\" content=\"Aproape de mocani\u021b\u0103 \u00een Vi\u0219eu de Sus, oaspe\u021bii au la dispozi\u021bie un restaurant \u0219i un centru de wellness \u0219i spa, cu piscin\u0103 interioar\u0103 \u0219i saun\u0103.\" \/>\n<meta property=\"og:url\" content=\"https:\/\/hotelyara.ro\/en\/\" \/>\n<meta property=\"og:site_name\" content=\"Hotel Yara\" \/>\n<meta property=\"article:publisher\" content=\"https:\/\/www.facebook.com\/hotelyara.mm\/\" \/>\n<meta property=\"article:modified_time\" content=\"2024-01-10T17:22:06+00:00\" \/>\n<meta property=\"og:image\" content=\"https:\/\/hotelyara.ro\/wp-content\/uploads\/2015\/08\/SPA-3-scaled.jpg\" \/>\n\t<meta property=\"og:image:width\" content=\"1620\" \/>\n\t<meta property=\"og:image:height\" content=\"1080\" \/>\n\t<meta property=\"og:image:type\" content=\"image\/jpeg\" \/>\n<meta name=\"twitter:card\" content=\"summary_large_image\" \/>\n<meta name=\"twitter:title\" content=\"Hotel Yara - Experien\u021ba de neuitat din Maramure\u0219\" \/>\n<meta name=\"twitter:description\" content=\"Aproape de mocani\u021b\u0103 \u00een Vi\u0219eu de Sus, oaspe\u021bii au la dispozi\u021bie un restaurant \u0219i un centru de wellness \u0219i spa, cu piscin\u0103 interioar\u0103 \u0219i saun\u0103.\" \/>\n<meta name=\"twitter:image\" content=\"https:\/\/hotelyara.ro\/wp-content\/uploads\/2015\/08\/SPA-3-scaled.jpg\" \/>\n<meta name=\"twitter:label1\" content=\"Est. reading time\" \/>\n\t<meta name=\"twitter:data1\" content=\"1 minute\" \/>\n<!-- \/ Yoast SEO plugin. -->","yoast_head_json":{"title":"Hotel Yara - The unforgettable experience in Maramure\u0219","description":"Near the mocanita in Vi\u0219eu de Sus, guests have access to a restaurant and a wellness and spa center, with an indoor pool and sauna.","robots":{"index":"index","follow":"follow","max-snippet":"max-snippet:-1","max-image-preview":"max-image-preview:large","max-video-preview":"max-video-preview:-1"},"canonical":"https:\/\/hotelyara.ro\/en\/","og_locale":"en_US","og_type":"article","og_title":"Hotel Yara - Experien\u021ba de neuitat din Maramure\u0219","og_description":"Aproape de mocani\u021b\u0103 \u00een Vi\u0219eu de Sus, oaspe\u021bii au la dispozi\u021bie un restaurant \u0219i un centru de wellness \u0219i spa, cu piscin\u0103 interioar\u0103 \u0219i saun\u0103.","og_url":"https:\/\/hotelyara.ro\/en\/","og_site_name":"Hotel Yara","article_publisher":"https:\/\/www.facebook.com\/hotelyara.mm\/","article_modified_time":"2024-01-10T17:22:06+00:00","og_image":[{"width":1620,"height":1080,"url":"https:\/\/hotelyara.ro\/wp-content\/uploads\/2015\/08\/SPA-3-scaled.jpg","type":"image\/jpeg"}],"twitter_card":"summary_large_image","twitter_title":"Hotel Yara - Experien\u021ba de neuitat din Maramure\u0219","twitter_description":"Aproape de mocani\u021b\u0103 \u00een Vi\u0219eu de Sus, oaspe\u021bii au la dispozi\u021bie un restaurant \u0219i un centru de wellness \u0219i spa, cu piscin\u0103 interioar\u0103 \u0219i saun\u0103.","twitter_image":"https:\/\/hotelyara.ro\/wp-content\/uploads\/2015\/08\/SPA-3-scaled.jpg","twitter_misc":{"Est. reading time":"1 minute"},"schema":{"@context":"https:\/\/schema.org","@graph":[{"@type":"WebPage","@id":"https:\/\/hotelyara.ro\/","url":"https:\/\/hotelyara.ro\/","name":"Hotel Yara - The unforgettable experience in Maramure\u0219","isPartOf":{"@id":"https:\/\/hotelyara.ro\/#website"},"primaryImageOfPage":{"@id":"https:\/\/hotelyara.ro\/#primaryimage"},"image":{"@id":"https:\/\/hotelyara.ro\/#primaryimage"},"thumbnailUrl":"https:\/\/hotelyara.ro\/wp-content\/uploads\/2015\/08\/SPA-3-scaled.jpg","datePublished":"2018-10-20T00:24:21+00:00","dateModified":"2024-01-10T17:22:06+00:00","description":"Near the mocanita in Vi\u0219eu de Sus, guests have access to a restaurant and a wellness and spa center, with an indoor pool and sauna.","breadcrumb":{"@id":"https:\/\/hotelyara.ro\/#breadcrumb"},"inLanguage":"en-US","potentialAction":[{"@type":"ReadAction","target":["https:\/\/hotelyara.ro\/"]}]},{"@type":"ImageObject","inLanguage":"en-US","@id":"https:\/\/hotelyara.ro\/#primaryimage","url":"https:\/\/hotelyara.ro\/wp-content\/uploads\/2015\/08\/SPA-3-scaled.jpg","contentUrl":"https:\/\/hotelyara.ro\/wp-content\/uploads\/2015\/08\/SPA-3-scaled.jpg","width":1620,"height":1080,"caption":"Maramures , Viseu de sus , Mocanita , Hotel Yara , Piscina , Spa"},{"@type":"BreadcrumbList","@id":"https:\/\/hotelyara.ro\/#breadcrumb","itemListElement":[{"@type":"ListItem","position":1,"name":"Home","item":"https:\/\/hotelyara.ro\/"},{"@type":"ListItem","position":2,"name":"Yara &#8211; Experien\u021ba de neuitat a Maramure\u0219ului!"}]},{"@type":"WebSite","@id":"https:\/\/hotelyara.ro\/#website","url":"https:\/\/hotelyara.ro\/","name":"Enjoy authentic hospitality at Hotel Yara in Viseu de Sus","description":"","publisher":{"@id":"https:\/\/hotelyara.ro\/#organization"},"potentialAction":[{"@type":"SearchAction","target":{"@type":"EntryPoint","urlTemplate":"https:\/\/hotelyara.ro\/?s={search_term_string}"},"query-input":{"@type":"PropertyValueSpecification","valueRequired":true,"valueName":"search_term_string"}}],"inLanguage":"en-US"},{"@type":"Organization","@id":"https:\/\/hotelyara.ro\/#organization","name":"Enjoy authentic hospitality at Hotel Yara in Viseu de Sus","url":"https:\/\/hotelyara.ro\/","logo":{"@type":"ImageObject","inLanguage":"en-US","@id":"https:\/\/hotelyara.ro\/#\/schema\/logo\/image\/","url":"https:\/\/hotelyara.ro\/wp-content\/uploads\/2015\/08\/Logo-Yara-2.png","contentUrl":"https:\/\/hotelyara.ro\/wp-content\/uploads\/2015\/08\/Logo-Yara-2.png","width":1080,"height":1080,"caption":"Bucur\u0103-te de ospitalitatea autentic\u0103 la Hotelul Yara din Viseu de Sus"},"image":{"@id":"https:\/\/hotelyara.ro\/#\/schema\/logo\/image\/"},"sameAs":["https:\/\/www.facebook.com\/hotelyara.mm\/","https:\/\/www.instagram.com\/hotel.yara\/"]}]}},"_links":{"self":[{"href":"https:\/\/hotelyara.ro\/en\/wp-json\/wp\/v2\/pages\/17166","targetHints":{"allow":["GET"]}}],"collection":[{"href":"https:\/\/hotelyara.ro\/en\/wp-json\/wp\/v2\/pages"}],"about":[{"href":"https:\/\/hotelyara.ro\/en\/wp-json\/wp\/v2\/types\/page"}],"author":[{"embeddable":true,"href":"https:\/\/hotelyara.ro\/en\/wp-json\/wp\/v2\/users\/1"}],"replies":[{"embeddable":true,"href":"https:\/\/hotelyara.ro\/en\/wp-json\/wp\/v2\/comments?post=17166"}],"version-history":[{"count":42,"href":"https:\/\/hotelyara.ro\/en\/wp-json\/wp\/v2\/pages\/17166\/revisions"}],"predecessor-version":[{"id":988101,"href":"https:\/\/hotelyara.ro\/en\/wp-json\/wp\/v2\/pages\/17166\/revisions\/988101"}],"wp:featuredmedia":[{"embeddable":true,"href":"https:\/\/hotelyara.ro\/en\/wp-json\/wp\/v2\/media\/987702"}],"wp:attachment":[{"href":"https:\/\/hotelyara.ro\/en\/wp-json\/wp\/v2\/media?parent=17166"}],"curies":[{"name":"wp","href":"https:\/\/api.w.org\/{rel}","templated":true}]}}