{"id":987844,"date":"2023-04-14T03:05:17","date_gmt":"2023-04-14T03:05:17","guid":{"rendered":"https:\/\/hotelyara.ro\/?page_id=987844"},"modified":"2024-07-21T12:39:42","modified_gmt":"2024-07-21T12:39:42","slug":"camera-king-hotel-yara","status":"publish","type":"page","link":"https:\/\/hotelyara.ro\/en\/camera-king-hotel-yara\/","title":{"rendered":"King room"},"content":{"rendered":"<div class=\"vgblk-rw-wrapper limit-wrapper\">\n<h3>\n\tFacilities\n\t<\/h3>\n\t<p>King size bed<\/p>\n\t<p>Air conditioning<\/p>\n\t<p>Smoking<\/p>\n\t<p>WiFi<\/p>\n<h3>\n\tThe room includes:\n\t<\/h3>\n\t<ul>\n<li>Ensuite bathroom<\/li>\n<li>Own balcony<\/li>\n<li>Miniature Cosmetics<\/li>\n<li>Bathrobe<\/li>\n<li>Towels<\/li>\n<li>Amenities<\/li>\n<li>hairdryer<\/li>\n<li>Electronic key<\/li>\n<li>Safe box<\/li>\n<li>Heating<\/li>\n<li>LED TV<\/li>\n<\/ul>\n\t\t\t<a href=\"https:\/\/www.5stardesk.com\/b\/hotel-yara\" target=\"_self\" rel=\"noopener\">\n\t\t\t\t\t\t\tCheck availability\n\t\t\t\t\t<\/a>\n\t<pre class=\"ti-widget\"><template id=\"trustindex-google-widget-html\"><div class=\"ti-widget  ti-goog ti-review-text-mode-readmore ti-text-align-left\" data-no-translation=\"true\" data-plugin-version=\"13.2.8\" data-layout-id=\"34\" data-layout-category=\"slider\" data-set-id=\"light-background-image\" data-pid=\"\" data-language=\"ro\" data-close-locale=\"\u00cenchide\" data-review-target-width=\"300\" data-css-version=\"2\" data-reply-by-locale=\"R\u0103spunsul proprietarului\" data-only-rating-locale=\"Acest utilizator a l\u0103sat doar o evaluare.\" data-pager-autoplay-timeout=\"6\"> <div class=\"ti-widget-container ti-col-3\"> <div class=\"ti-header ti-header-grid source-Google\"> <div class=\"ti-fade-container\"> <div class=\"ti-rating-text\"> <strong class=\"ti-rating ti-rating-large\"> EXCELENT <\/strong> <\/div> <span class=\"ti-stars star-lg\"><trustindex-image class=\"ti-star\" data-imgurl=\"https:\/\/cdn.trustindex.io\/assets\/platform\/Google\/star\/f.svg\" alt=\"Google\" width=\"17\" height=\"17\" loading=\"lazy\"><\/trustindex-image><trustindex-image class=\"ti-star\" data-imgurl=\"https:\/\/cdn.trustindex.io\/assets\/platform\/Google\/star\/f.svg\" alt=\"Google\" width=\"17\" height=\"17\" loading=\"lazy\"><\/trustindex-image><trustindex-image class=\"ti-star\" data-imgurl=\"https:\/\/cdn.trustindex.io\/assets\/platform\/Google\/star\/f.svg\" alt=\"Google\" width=\"17\" height=\"17\" loading=\"lazy\"><\/trustindex-image><trustindex-image class=\"ti-star\" data-imgurl=\"https:\/\/cdn.trustindex.io\/assets\/platform\/Google\/star\/f.svg\" alt=\"Google\" width=\"17\" height=\"17\" loading=\"lazy\"><\/trustindex-image><trustindex-image class=\"ti-star\" data-imgurl=\"https:\/\/cdn.trustindex.io\/assets\/platform\/Google\/star\/f.svg\" alt=\"Google\" width=\"17\" height=\"17\" loading=\"lazy\"><\/trustindex-image><\/span> <div class=\"ti-rating-text\"> <span class=\"nowrap\">Pe baza a <strong>398 de recenzii<\/strong><\/span> <\/div> <div class=\"ti-large-logo\"> <div class=\"ti-v-center\"> <trustindex-image class=\"ti-logo-fb\" data-imgurl=\"https:\/\/cdn.trustindex.io\/assets\/platform\/Google\/logo.svg\" width=\"150\" height=\"25\" loading=\"lazy\" alt=\"Google\"><\/trustindex-image> <\/div> <\/div> <\/div> <\/div> <div class=\"ti-reviews-container\"> <div class=\"ti-controls\"> <div class=\"ti-next\" aria-label=\"Urm\u0103toarea recenzie\" role=\"button\" tabindex=\"0\"><\/div> <div class=\"ti-prev\" aria-label=\"Recenzie anterioar\u0103\" role=\"button\" tabindex=\"0\"><\/div> <\/div> <div class=\"ti-reviews-container-wrapper\">  <div data-empty=\"0\" class=\"ti-review-item source-Google ti-image-layout-thumbnail\" data-id=\"cfcd208495d565ef66e7dff9f98764da\"> <div class=\"ti-inner\"> <div class=\"ti-review-header\"> <div class=\"ti-platform-icon ti-with-tooltip\"> <span class=\"ti-tooltip\">Publicat pe <\/span> <trustindex-image data-imgurl=\"https:\/\/cdn.trustindex.io\/assets\/platform\/Google\/icon.svg\" alt=\"\" width=\"20\" height=\"20\" loading=\"lazy\"><\/trustindex-image> <\/div> <div class=\"ti-profile-img\"> <trustindex-image data-imgurl=\"https:\/\/lh3.googleusercontent.com\/a\/ACg8ocKUB4vlUh99ukLn23kvcSaErnAYORLlmXnUxjT7pj70=w40-h40-c-rp-mo-br100\" alt=\"Adrian Bite profile picture\" loading=\"lazy\"><\/trustindex-image> <\/div> <div class=\"ti-profile-details\"> <div class=\"ti-name\"> Adrian Bite <\/div> <div class=\"ti-date\">Noiembrie 17, 2023<\/div> <\/div> <\/div> <span class=\"ti-stars\"><trustindex-image class=\"ti-star\" data-imgurl=\"https:\/\/cdn.trustindex.io\/assets\/platform\/Google\/star\/f.svg\" alt=\"Google\" width=\"17\" height=\"17\" loading=\"lazy\"><\/trustindex-image><trustindex-image class=\"ti-star\" data-imgurl=\"https:\/\/cdn.trustindex.io\/assets\/platform\/Google\/star\/f.svg\" alt=\"Google\" width=\"17\" height=\"17\" loading=\"lazy\"><\/trustindex-image><trustindex-image class=\"ti-star\" data-imgurl=\"https:\/\/cdn.trustindex.io\/assets\/platform\/Google\/star\/f.svg\" alt=\"Google\" width=\"17\" height=\"17\" loading=\"lazy\"><\/trustindex-image><trustindex-image class=\"ti-star\" data-imgurl=\"https:\/\/cdn.trustindex.io\/assets\/platform\/Google\/star\/f.svg\" alt=\"Google\" width=\"17\" height=\"17\" loading=\"lazy\"><\/trustindex-image><trustindex-image class=\"ti-star\" data-imgurl=\"https:\/\/cdn.trustindex.io\/assets\/platform\/Google\/star\/f.svg\" alt=\"Google\" width=\"17\" height=\"17\" loading=\"lazy\"><\/trustindex-image><span class=\"ti-verified-review ti-verified-platform\"><span class=\"ti-verified-tooltip\">Trustindex verific\u0103 c\u0103 sursa original\u0103 a recenziei este Google.<\/span><\/span><\/span> <div class=\"ti-review-text-container ti-review-content\"><!-- R-CONTENT -->Loca\u021bie excelenta \u0219i servicii irepro\u0219abile...\nOameni primitori \u0219i m\u00e2ncare foarte bun\u0103!<!-- R-CONTENT --><\/div> <span class=\"ti-read-more\" data-container=\".ti-review-content\" data-collapse-text=\"Ascunde\" data-open-text=\"Citeste mai mult\"><\/span> <\/div> <\/div>  <div data-empty=\"0\" class=\"ti-review-item source-Google ti-image-layout-thumbnail\" data-id=\"cfcd208495d565ef66e7dff9f98764da\"> <div class=\"ti-inner\"> <div class=\"ti-review-header\"> <div class=\"ti-platform-icon ti-with-tooltip\"> <span class=\"ti-tooltip\">Publicat pe <\/span> <trustindex-image data-imgurl=\"https:\/\/cdn.trustindex.io\/assets\/platform\/Google\/icon.svg\" alt=\"\" width=\"20\" height=\"20\" loading=\"lazy\"><\/trustindex-image> <\/div> <div class=\"ti-profile-img\"> <trustindex-image data-imgurl=\"https:\/\/lh3.googleusercontent.com\/a-\/ALV-UjXBas2hADEP_5OdJWsnfvCCAVB5Oy0LabFIQvTJPdRKuhM=w40-h40-c-rp-mo-br100\" alt=\"Duruttya Emil profile picture\" loading=\"lazy\"><\/trustindex-image> <\/div> <div class=\"ti-profile-details\"> <div class=\"ti-name\"> Duruttya Emil <\/div> <div class=\"ti-date\">Noiembrie 12, 2023<\/div> <\/div> <\/div> <span class=\"ti-stars\"><trustindex-image class=\"ti-star\" data-imgurl=\"https:\/\/cdn.trustindex.io\/assets\/platform\/Google\/star\/f.svg\" alt=\"Google\" width=\"17\" height=\"17\" loading=\"lazy\"><\/trustindex-image><trustindex-image class=\"ti-star\" data-imgurl=\"https:\/\/cdn.trustindex.io\/assets\/platform\/Google\/star\/f.svg\" alt=\"Google\" width=\"17\" height=\"17\" loading=\"lazy\"><\/trustindex-image><trustindex-image class=\"ti-star\" data-imgurl=\"https:\/\/cdn.trustindex.io\/assets\/platform\/Google\/star\/f.svg\" alt=\"Google\" width=\"17\" height=\"17\" loading=\"lazy\"><\/trustindex-image><trustindex-image class=\"ti-star\" data-imgurl=\"https:\/\/cdn.trustindex.io\/assets\/platform\/Google\/star\/f.svg\" alt=\"Google\" width=\"17\" height=\"17\" loading=\"lazy\"><\/trustindex-image><trustindex-image class=\"ti-star\" data-imgurl=\"https:\/\/cdn.trustindex.io\/assets\/platform\/Google\/star\/f.svg\" alt=\"Google\" width=\"17\" height=\"17\" loading=\"lazy\"><\/trustindex-image><span class=\"ti-verified-review ti-verified-platform\"><span class=\"ti-verified-tooltip\">Trustindex verific\u0103 c\u0103 sursa original\u0103 a recenziei este Google.<\/span><\/span><\/span> <div class=\"ti-review-text-container ti-review-content\"><!-- R-CONTENT -->A fost o experien\u021b\u0103 foarte pl\u0103cut\u0103 din toate punctele de vedere. Am fost cu doi copii mici \u0219i am avut parte fiecare de momente frumoase de relaxare<!-- R-CONTENT --><\/div> <span class=\"ti-read-more\" data-container=\".ti-review-content\" data-collapse-text=\"Ascunde\" data-open-text=\"Citeste mai mult\"><\/span> <\/div> <\/div>  <div data-empty=\"0\" class=\"ti-review-item source-Google ti-image-layout-thumbnail\" data-id=\"cfcd208495d565ef66e7dff9f98764da\"> <div class=\"ti-inner\"> <div class=\"ti-review-header\"> <div class=\"ti-platform-icon ti-with-tooltip\"> <span class=\"ti-tooltip\">Publicat pe <\/span> <trustindex-image data-imgurl=\"https:\/\/cdn.trustindex.io\/assets\/platform\/Google\/icon.svg\" alt=\"\" width=\"20\" height=\"20\" loading=\"lazy\"><\/trustindex-image> <\/div> <div class=\"ti-profile-img\"> <trustindex-image data-imgurl=\"https:\/\/lh3.googleusercontent.com\/a-\/ALV-UjXcs6Rxhu1Qh9-tINMmu10otxnKfHtbxo3YbXrS1UcFqQ=w40-h40-c-rp-mo-br100\" alt=\"Georgiana Maruntu profile picture\" loading=\"lazy\"><\/trustindex-image> <\/div> <div class=\"ti-profile-details\"> <div class=\"ti-name\"> Georgiana Maruntu <\/div> <div class=\"ti-date\">Noiembrie 5, 2023<\/div> <\/div> <\/div> <span class=\"ti-stars\"><trustindex-image class=\"ti-star\" data-imgurl=\"https:\/\/cdn.trustindex.io\/assets\/platform\/Google\/star\/f.svg\" alt=\"Google\" width=\"17\" height=\"17\" loading=\"lazy\"><\/trustindex-image><trustindex-image class=\"ti-star\" data-imgurl=\"https:\/\/cdn.trustindex.io\/assets\/platform\/Google\/star\/f.svg\" alt=\"Google\" width=\"17\" height=\"17\" loading=\"lazy\"><\/trustindex-image><trustindex-image class=\"ti-star\" data-imgurl=\"https:\/\/cdn.trustindex.io\/assets\/platform\/Google\/star\/f.svg\" alt=\"Google\" width=\"17\" height=\"17\" loading=\"lazy\"><\/trustindex-image><trustindex-image class=\"ti-star\" data-imgurl=\"https:\/\/cdn.trustindex.io\/assets\/platform\/Google\/star\/f.svg\" alt=\"Google\" width=\"17\" height=\"17\" loading=\"lazy\"><\/trustindex-image><trustindex-image class=\"ti-star\" data-imgurl=\"https:\/\/cdn.trustindex.io\/assets\/platform\/Google\/star\/f.svg\" alt=\"Google\" width=\"17\" height=\"17\" loading=\"lazy\"><\/trustindex-image><span class=\"ti-verified-review ti-verified-platform\"><span class=\"ti-verified-tooltip\">Trustindex verific\u0103 c\u0103 sursa original\u0103 a recenziei este Google.<\/span><\/span><\/span> <div class=\"ti-review-text-container ti-review-content\"><!-- R-CONTENT -->Cel pu\u021bin minunat!<!-- R-CONTENT --><\/div> <span class=\"ti-read-more\" data-container=\".ti-review-content\" data-collapse-text=\"Ascunde\" data-open-text=\"Citeste mai mult\"><\/span> <\/div> <\/div>  <\/div> <div class=\"ti-controls-line\"> <div class=\"dot\"><\/div> <\/div> <\/div>   <\/div> <\/div> <\/template><\/pre><div data-src=\"https:\/\/cdn.trustindex.io\/loader.js?wp-widget\" data-template-id=\"trustindex-google-widget-html\" data-css-url=\"https:\/\/hotelyara.ro\/wp-content\/uploads\/trustindex-google-widget.css?1773966339\"><\/div>\n\n<\/div><!-- .vgblk-rw-wrapper -->","protected":false},"excerpt":{"rendered":"<p>Facilities King size bed Air conditioning Non-smoking Wi-fi Room includes: Private bathroom Private balcony Cosmetics Miniature Bathrobe Towels Amenities Safe Key Electronics Safe Heating LED TV Check availability<\/p>","protected":false},"author":1,"featured_media":987678,"parent":0,"menu_order":0,"comment_status":"closed","ping_status":"closed","template":"","meta":{"inline_featured_image":false,"footnotes":""},"class_list":["post-987844","page","type-page","status-publish","has-post-thumbnail","hentry"],"yoast_head":"<!-- This site is optimized with the Yoast SEO plugin v27.3 - https:\/\/yoast.com\/product\/yoast-seo-wordpress\/ -->\n<title>Camera King - Hotel Yara<\/title>\n<meta name=\"description\" content=\"King Sized Bed, Wi-fi, LED TV, Baie proprie, Aer conditionat, Incalzire, Cheie Electronica, Non-Smoking, Seif, Balcon propriu, Feon, Amenities, Prosoape, Halat de Baie, Cosmetice Miniatura\" \/>\n<meta name=\"robots\" content=\"index, follow, max-snippet:-1, max-image-preview:large, max-video-preview:-1\" \/>\n<link rel=\"canonical\" href=\"https:\/\/hotelyara.ro\/en\/camera-king-hotel-yara\/\" \/>\n<meta property=\"og:locale\" content=\"en_US\" \/>\n<meta property=\"og:type\" content=\"article\" \/>\n<meta property=\"og:title\" content=\"Camera King - Hotel Yara\" \/>\n<meta property=\"og:description\" content=\"King Sized Bed, Wi-fi, LED TV, Baie proprie, Aer conditionat, Incalzire, Cheie Electronica, Non-Smoking, Seif, Balcon propriu, Feon, Amenities, Prosoape, Halat de Baie, Cosmetice Miniatura\" \/>\n<meta property=\"og:url\" content=\"https:\/\/hotelyara.ro\/en\/camera-king-hotel-yara\/\" \/>\n<meta property=\"og:site_name\" content=\"Hotel Yara\" \/>\n<meta property=\"article:publisher\" content=\"https:\/\/www.facebook.com\/hotelyara.mm\/\" \/>\n<meta property=\"article:modified_time\" content=\"2024-07-21T12:39:42+00:00\" \/>\n<meta property=\"og:image\" content=\"https:\/\/hotelyara.ro\/wp-content\/uploads\/2015\/08\/CAMERA-KING-1.jpg\" \/>\n\t<meta property=\"og:image:width\" content=\"1600\" \/>\n\t<meta property=\"og:image:height\" content=\"1067\" \/>\n\t<meta property=\"og:image:type\" content=\"image\/jpeg\" \/>\n<meta name=\"twitter:card\" content=\"summary_large_image\" \/>\n<meta name=\"twitter:title\" content=\"Camera King - Hotel Yara\" \/>\n<meta name=\"twitter:description\" content=\"King Sized Bed, Wi-fi, LED TV, Baie proprie, Aer conditionat, Incalzire, Cheie Electronica, Non-Smoking, Seif, Balcon propriu, Feon, Amenities, Prosoape, Halat de Baie, Cosmetice Miniatura\" \/>\n<meta name=\"twitter:image\" content=\"https:\/\/hotelyara.ro\/wp-content\/uploads\/2015\/08\/CAMERA-KING-1.jpg\" \/>\n<meta name=\"twitter:label1\" content=\"Est. reading time\" \/>\n\t<meta name=\"twitter:data1\" content=\"1 minute\" \/>\n<!-- \/ Yoast SEO plugin. -->","yoast_head_json":{"title":"Camera King - Hotel Yara","description":"King Sized Bed, Wi-fi, LED TV, Baie proprie, Aer conditionat, Incalzire, Cheie Electronica, Non-Smoking, Seif, Balcon propriu, Feon, Amenities, Prosoape, Halat de Baie, Cosmetice Miniatura","robots":{"index":"index","follow":"follow","max-snippet":"max-snippet:-1","max-image-preview":"max-image-preview:large","max-video-preview":"max-video-preview:-1"},"canonical":"https:\/\/hotelyara.ro\/en\/camera-king-hotel-yara\/","og_locale":"en_US","og_type":"article","og_title":"Camera King - Hotel Yara","og_description":"King Sized Bed, Wi-fi, LED TV, Baie proprie, Aer conditionat, Incalzire, Cheie Electronica, Non-Smoking, Seif, Balcon propriu, Feon, Amenities, Prosoape, Halat de Baie, Cosmetice Miniatura","og_url":"https:\/\/hotelyara.ro\/en\/camera-king-hotel-yara\/","og_site_name":"Hotel Yara","article_publisher":"https:\/\/www.facebook.com\/hotelyara.mm\/","article_modified_time":"2024-07-21T12:39:42+00:00","og_image":[{"width":1600,"height":1067,"url":"https:\/\/hotelyara.ro\/wp-content\/uploads\/2015\/08\/CAMERA-KING-1.jpg","type":"image\/jpeg"}],"twitter_card":"summary_large_image","twitter_title":"Camera King - Hotel Yara","twitter_description":"King Sized Bed, Wi-fi, LED TV, Baie proprie, Aer conditionat, Incalzire, Cheie Electronica, Non-Smoking, Seif, Balcon propriu, Feon, Amenities, Prosoape, Halat de Baie, Cosmetice Miniatura","twitter_image":"https:\/\/hotelyara.ro\/wp-content\/uploads\/2015\/08\/CAMERA-KING-1.jpg","twitter_misc":{"Est. reading time":"1 minute"},"schema":{"@context":"https:\/\/schema.org","@graph":[{"@type":"WebPage","@id":"https:\/\/hotelyara.ro\/camera-king-hotel-yara\/","url":"https:\/\/hotelyara.ro\/camera-king-hotel-yara\/","name":"Camera King - Hotel Yara","isPartOf":{"@id":"https:\/\/hotelyara.ro\/#website"},"primaryImageOfPage":{"@id":"https:\/\/hotelyara.ro\/camera-king-hotel-yara\/#primaryimage"},"image":{"@id":"https:\/\/hotelyara.ro\/camera-king-hotel-yara\/#primaryimage"},"thumbnailUrl":"https:\/\/hotelyara.ro\/wp-content\/uploads\/2015\/08\/CAMERA-KING-1.jpg","datePublished":"2023-04-14T03:05:17+00:00","dateModified":"2024-07-21T12:39:42+00:00","description":"King Sized Bed, Wi-fi, LED TV, Baie proprie, Aer conditionat, Incalzire, Cheie Electronica, Non-Smoking, Seif, Balcon propriu, Feon, Amenities, Prosoape, Halat de Baie, Cosmetice Miniatura","breadcrumb":{"@id":"https:\/\/hotelyara.ro\/camera-king-hotel-yara\/#breadcrumb"},"inLanguage":"en-US","potentialAction":[{"@type":"ReadAction","target":["https:\/\/hotelyara.ro\/camera-king-hotel-yara\/"]}]},{"@type":"ImageObject","inLanguage":"en-US","@id":"https:\/\/hotelyara.ro\/camera-king-hotel-yara\/#primaryimage","url":"https:\/\/hotelyara.ro\/wp-content\/uploads\/2015\/08\/CAMERA-KING-1.jpg","contentUrl":"https:\/\/hotelyara.ro\/wp-content\/uploads\/2015\/08\/CAMERA-KING-1.jpg","width":1600,"height":1067,"caption":"Camera King Hotel Yara"},{"@type":"BreadcrumbList","@id":"https:\/\/hotelyara.ro\/camera-king-hotel-yara\/#breadcrumb","itemListElement":[{"@type":"ListItem","position":1,"name":"Home","item":"https:\/\/hotelyara.ro\/"},{"@type":"ListItem","position":2,"name":"Camera King"}]},{"@type":"WebSite","@id":"https:\/\/hotelyara.ro\/#website","url":"https:\/\/hotelyara.ro\/","name":"Enjoy authentic hospitality at Hotel Yara in Viseu de Sus","description":"","publisher":{"@id":"https:\/\/hotelyara.ro\/#organization"},"potentialAction":[{"@type":"SearchAction","target":{"@type":"EntryPoint","urlTemplate":"https:\/\/hotelyara.ro\/?s={search_term_string}"},"query-input":{"@type":"PropertyValueSpecification","valueRequired":true,"valueName":"search_term_string"}}],"inLanguage":"en-US"},{"@type":"Organization","@id":"https:\/\/hotelyara.ro\/#organization","name":"Enjoy authentic hospitality at Hotel Yara in Viseu de Sus","url":"https:\/\/hotelyara.ro\/","logo":{"@type":"ImageObject","inLanguage":"en-US","@id":"https:\/\/hotelyara.ro\/#\/schema\/logo\/image\/","url":"https:\/\/hotelyara.ro\/wp-content\/uploads\/2015\/08\/Logo-Yara-2.png","contentUrl":"https:\/\/hotelyara.ro\/wp-content\/uploads\/2015\/08\/Logo-Yara-2.png","width":1080,"height":1080,"caption":"Bucur\u0103-te de ospitalitatea autentic\u0103 la Hotelul Yara din Viseu de Sus"},"image":{"@id":"https:\/\/hotelyara.ro\/#\/schema\/logo\/image\/"},"sameAs":["https:\/\/www.facebook.com\/hotelyara.mm\/","https:\/\/www.instagram.com\/hotel.yara\/"]}]}},"_links":{"self":[{"href":"https:\/\/hotelyara.ro\/en\/wp-json\/wp\/v2\/pages\/987844","targetHints":{"allow":["GET"]}}],"collection":[{"href":"https:\/\/hotelyara.ro\/en\/wp-json\/wp\/v2\/pages"}],"about":[{"href":"https:\/\/hotelyara.ro\/en\/wp-json\/wp\/v2\/types\/page"}],"author":[{"embeddable":true,"href":"https:\/\/hotelyara.ro\/en\/wp-json\/wp\/v2\/users\/1"}],"replies":[{"embeddable":true,"href":"https:\/\/hotelyara.ro\/en\/wp-json\/wp\/v2\/comments?post=987844"}],"version-history":[{"count":7,"href":"https:\/\/hotelyara.ro\/en\/wp-json\/wp\/v2\/pages\/987844\/revisions"}],"predecessor-version":[{"id":988140,"href":"https:\/\/hotelyara.ro\/en\/wp-json\/wp\/v2\/pages\/987844\/revisions\/988140"}],"wp:featuredmedia":[{"embeddable":true,"href":"https:\/\/hotelyara.ro\/en\/wp-json\/wp\/v2\/media\/987678"}],"wp:attachment":[{"href":"https:\/\/hotelyara.ro\/en\/wp-json\/wp\/v2\/media?parent=987844"}],"curies":[{"name":"wp","href":"https:\/\/api.w.org\/{rel}","templated":true}]}}