{"id":987850,"date":"2023-04-14T03:06:35","date_gmt":"2023-04-14T03:06:35","guid":{"rendered":"https:\/\/hotelyara.ro\/?page_id=987850"},"modified":"2023-06-03T18:58:31","modified_gmt":"2023-06-03T18:58:31","slug":"restaurant-gastro-hote-yara","status":"publish","type":"page","link":"https:\/\/hotelyara.ro\/en\/restaurant-gastro-hote-yara\/","title":{"rendered":"Restaurant &amp; Gastro"},"content":{"rendered":"<div class=\"vgblk-rw-wrapper limit-wrapper\">\n<h2>\n\t\tRestaurant\n\t<\/h2>\n<h2>\n\t\tOpen daily 07:30 \u2013 22:00\n\t<\/h2>\n<h2>\n\t\tWe invite you to try our dishes with fresh local ingredients, which include traditional dishes from Maramure\u0219.<br \/><br \/>Soups, stews, sausages or pies, but also delicious international dishes such as burgers, pasta or pizza.<br \/><br \/> Our restaurant is the perfect place for a romantic dinner, a party with friends or a business meeting.<br \/><br \/> The warm and welcoming atmosphere, friendly service and delicious food will make you feel truly special.\n\t<\/h2>\n\t\t\t<a href=\"https:\/\/hotelyara.ro\/meniu.pdf\" target=\"_blank\" role=\"button\" rel=\"noopener\">\n\t\t\t\t\t\tSee the menu\n\t\t\t\t\t<\/a>\n\t\t\t<a href=\"https:\/\/hotelyara.ro\/MENIU-NUTRITIONAL-HOTEL-YARA.pdf\" target=\"_blank\" role=\"button\" rel=\"noopener\">\n\t\t\t\t\t\tNutritional menu\n\t\t\t\t\t<\/a>\n<h2>\n\t\tTerrace\n\t<\/h2>\n<h2>\n\t\tWhile relaxing on our terrace, you can enjoy the fresh air and the aromas of nature, which makes this experience an unforgettable moment. So, we invite you to visit us and enjoy a unique experience in a boho environment, bright and full of fresh air.\n\t<\/h2>\n\t<pre class=\"ti-widget\"><template id=\"trustindex-google-widget-html\"><div class=\"ti-widget  ti-goog ti-review-text-mode-readmore ti-text-align-left\" data-no-translation=\"true\" data-plugin-version=\"13.2.8\" data-layout-id=\"34\" data-layout-category=\"slider\" data-set-id=\"light-background-image\" data-pid=\"\" data-language=\"ro\" data-close-locale=\"\u00cenchide\" data-review-target-width=\"300\" data-css-version=\"2\" data-reply-by-locale=\"R\u0103spunsul proprietarului\" data-only-rating-locale=\"Acest utilizator a l\u0103sat doar o evaluare.\" data-pager-autoplay-timeout=\"6\"> <div class=\"ti-widget-container ti-col-3\"> <div class=\"ti-header ti-header-grid source-Google\"> <div class=\"ti-fade-container\"> <div class=\"ti-rating-text\"> <strong class=\"ti-rating ti-rating-large\"> EXCELENT <\/strong> <\/div> <span class=\"ti-stars star-lg\"><trustindex-image class=\"ti-star\" data-imgurl=\"https:\/\/cdn.trustindex.io\/assets\/platform\/Google\/star\/f.svg\" alt=\"Google\" width=\"17\" height=\"17\" loading=\"lazy\"><\/trustindex-image><trustindex-image class=\"ti-star\" data-imgurl=\"https:\/\/cdn.trustindex.io\/assets\/platform\/Google\/star\/f.svg\" alt=\"Google\" width=\"17\" height=\"17\" loading=\"lazy\"><\/trustindex-image><trustindex-image class=\"ti-star\" data-imgurl=\"https:\/\/cdn.trustindex.io\/assets\/platform\/Google\/star\/f.svg\" alt=\"Google\" width=\"17\" height=\"17\" loading=\"lazy\"><\/trustindex-image><trustindex-image class=\"ti-star\" data-imgurl=\"https:\/\/cdn.trustindex.io\/assets\/platform\/Google\/star\/f.svg\" alt=\"Google\" width=\"17\" height=\"17\" loading=\"lazy\"><\/trustindex-image><trustindex-image class=\"ti-star\" data-imgurl=\"https:\/\/cdn.trustindex.io\/assets\/platform\/Google\/star\/f.svg\" alt=\"Google\" width=\"17\" height=\"17\" loading=\"lazy\"><\/trustindex-image><\/span> <div class=\"ti-rating-text\"> <span class=\"nowrap\">Pe baza a <strong>398 de recenzii<\/strong><\/span> <\/div> <div class=\"ti-large-logo\"> <div class=\"ti-v-center\"> <trustindex-image class=\"ti-logo-fb\" data-imgurl=\"https:\/\/cdn.trustindex.io\/assets\/platform\/Google\/logo.svg\" width=\"150\" height=\"25\" loading=\"lazy\" alt=\"Google\"><\/trustindex-image> <\/div> <\/div> <\/div> <\/div> <div class=\"ti-reviews-container\"> <div class=\"ti-controls\"> <div class=\"ti-next\" aria-label=\"Urm\u0103toarea recenzie\" role=\"button\" tabindex=\"0\"><\/div> <div class=\"ti-prev\" aria-label=\"Recenzie anterioar\u0103\" role=\"button\" tabindex=\"0\"><\/div> <\/div> <div class=\"ti-reviews-container-wrapper\">  <div data-empty=\"0\" class=\"ti-review-item source-Google ti-image-layout-thumbnail\" data-id=\"cfcd208495d565ef66e7dff9f98764da\"> <div class=\"ti-inner\"> <div class=\"ti-review-header\"> <div class=\"ti-platform-icon ti-with-tooltip\"> <span class=\"ti-tooltip\">Publicat pe <\/span> <trustindex-image data-imgurl=\"https:\/\/cdn.trustindex.io\/assets\/platform\/Google\/icon.svg\" alt=\"\" width=\"20\" height=\"20\" loading=\"lazy\"><\/trustindex-image> <\/div> <div class=\"ti-profile-img\"> <trustindex-image data-imgurl=\"https:\/\/lh3.googleusercontent.com\/a\/ACg8ocKUB4vlUh99ukLn23kvcSaErnAYORLlmXnUxjT7pj70=w40-h40-c-rp-mo-br100\" alt=\"Adrian Bite profile picture\" loading=\"lazy\"><\/trustindex-image> <\/div> <div class=\"ti-profile-details\"> <div class=\"ti-name\"> Adrian Bite <\/div> <div class=\"ti-date\">Noiembrie 17, 2023<\/div> <\/div> <\/div> <span class=\"ti-stars\"><trustindex-image class=\"ti-star\" data-imgurl=\"https:\/\/cdn.trustindex.io\/assets\/platform\/Google\/star\/f.svg\" alt=\"Google\" width=\"17\" height=\"17\" loading=\"lazy\"><\/trustindex-image><trustindex-image class=\"ti-star\" data-imgurl=\"https:\/\/cdn.trustindex.io\/assets\/platform\/Google\/star\/f.svg\" alt=\"Google\" width=\"17\" height=\"17\" loading=\"lazy\"><\/trustindex-image><trustindex-image class=\"ti-star\" data-imgurl=\"https:\/\/cdn.trustindex.io\/assets\/platform\/Google\/star\/f.svg\" alt=\"Google\" width=\"17\" height=\"17\" loading=\"lazy\"><\/trustindex-image><trustindex-image class=\"ti-star\" data-imgurl=\"https:\/\/cdn.trustindex.io\/assets\/platform\/Google\/star\/f.svg\" alt=\"Google\" width=\"17\" height=\"17\" loading=\"lazy\"><\/trustindex-image><trustindex-image class=\"ti-star\" data-imgurl=\"https:\/\/cdn.trustindex.io\/assets\/platform\/Google\/star\/f.svg\" alt=\"Google\" width=\"17\" height=\"17\" loading=\"lazy\"><\/trustindex-image><span class=\"ti-verified-review ti-verified-platform\"><span class=\"ti-verified-tooltip\">Trustindex verific\u0103 c\u0103 sursa original\u0103 a recenziei este Google.<\/span><\/span><\/span> <div class=\"ti-review-text-container ti-review-content\"><!-- R-CONTENT -->Loca\u021bie excelenta \u0219i servicii irepro\u0219abile...\nOameni primitori \u0219i m\u00e2ncare foarte bun\u0103!<!-- R-CONTENT --><\/div> <span class=\"ti-read-more\" data-container=\".ti-review-content\" data-collapse-text=\"Ascunde\" data-open-text=\"Citeste mai mult\"><\/span> <\/div> <\/div>  <div data-empty=\"0\" class=\"ti-review-item source-Google ti-image-layout-thumbnail\" data-id=\"cfcd208495d565ef66e7dff9f98764da\"> <div class=\"ti-inner\"> <div class=\"ti-review-header\"> <div class=\"ti-platform-icon ti-with-tooltip\"> <span class=\"ti-tooltip\">Publicat pe <\/span> <trustindex-image data-imgurl=\"https:\/\/cdn.trustindex.io\/assets\/platform\/Google\/icon.svg\" alt=\"\" width=\"20\" height=\"20\" loading=\"lazy\"><\/trustindex-image> <\/div> <div class=\"ti-profile-img\"> <trustindex-image data-imgurl=\"https:\/\/lh3.googleusercontent.com\/a-\/ALV-UjXBas2hADEP_5OdJWsnfvCCAVB5Oy0LabFIQvTJPdRKuhM=w40-h40-c-rp-mo-br100\" alt=\"Duruttya Emil profile picture\" loading=\"lazy\"><\/trustindex-image> <\/div> <div class=\"ti-profile-details\"> <div class=\"ti-name\"> Duruttya Emil <\/div> <div class=\"ti-date\">Noiembrie 12, 2023<\/div> <\/div> <\/div> <span class=\"ti-stars\"><trustindex-image class=\"ti-star\" data-imgurl=\"https:\/\/cdn.trustindex.io\/assets\/platform\/Google\/star\/f.svg\" alt=\"Google\" width=\"17\" height=\"17\" loading=\"lazy\"><\/trustindex-image><trustindex-image class=\"ti-star\" data-imgurl=\"https:\/\/cdn.trustindex.io\/assets\/platform\/Google\/star\/f.svg\" alt=\"Google\" width=\"17\" height=\"17\" loading=\"lazy\"><\/trustindex-image><trustindex-image class=\"ti-star\" data-imgurl=\"https:\/\/cdn.trustindex.io\/assets\/platform\/Google\/star\/f.svg\" alt=\"Google\" width=\"17\" height=\"17\" loading=\"lazy\"><\/trustindex-image><trustindex-image class=\"ti-star\" data-imgurl=\"https:\/\/cdn.trustindex.io\/assets\/platform\/Google\/star\/f.svg\" alt=\"Google\" width=\"17\" height=\"17\" loading=\"lazy\"><\/trustindex-image><trustindex-image class=\"ti-star\" data-imgurl=\"https:\/\/cdn.trustindex.io\/assets\/platform\/Google\/star\/f.svg\" alt=\"Google\" width=\"17\" height=\"17\" loading=\"lazy\"><\/trustindex-image><span class=\"ti-verified-review ti-verified-platform\"><span class=\"ti-verified-tooltip\">Trustindex verific\u0103 c\u0103 sursa original\u0103 a recenziei este Google.<\/span><\/span><\/span> <div class=\"ti-review-text-container ti-review-content\"><!-- R-CONTENT -->A fost o experien\u021b\u0103 foarte pl\u0103cut\u0103 din toate punctele de vedere. Am fost cu doi copii mici \u0219i am avut parte fiecare de momente frumoase de relaxare<!-- R-CONTENT --><\/div> <span class=\"ti-read-more\" data-container=\".ti-review-content\" data-collapse-text=\"Ascunde\" data-open-text=\"Citeste mai mult\"><\/span> <\/div> <\/div>  <div data-empty=\"0\" class=\"ti-review-item source-Google ti-image-layout-thumbnail\" data-id=\"cfcd208495d565ef66e7dff9f98764da\"> <div class=\"ti-inner\"> <div class=\"ti-review-header\"> <div class=\"ti-platform-icon ti-with-tooltip\"> <span class=\"ti-tooltip\">Publicat pe <\/span> <trustindex-image data-imgurl=\"https:\/\/cdn.trustindex.io\/assets\/platform\/Google\/icon.svg\" alt=\"\" width=\"20\" height=\"20\" loading=\"lazy\"><\/trustindex-image> <\/div> <div class=\"ti-profile-img\"> <trustindex-image data-imgurl=\"https:\/\/lh3.googleusercontent.com\/a-\/ALV-UjXcs6Rxhu1Qh9-tINMmu10otxnKfHtbxo3YbXrS1UcFqQ=w40-h40-c-rp-mo-br100\" alt=\"Georgiana Maruntu profile picture\" loading=\"lazy\"><\/trustindex-image> <\/div> <div class=\"ti-profile-details\"> <div class=\"ti-name\"> Georgiana Maruntu <\/div> <div class=\"ti-date\">Noiembrie 5, 2023<\/div> <\/div> <\/div> <span class=\"ti-stars\"><trustindex-image class=\"ti-star\" data-imgurl=\"https:\/\/cdn.trustindex.io\/assets\/platform\/Google\/star\/f.svg\" alt=\"Google\" width=\"17\" height=\"17\" loading=\"lazy\"><\/trustindex-image><trustindex-image class=\"ti-star\" data-imgurl=\"https:\/\/cdn.trustindex.io\/assets\/platform\/Google\/star\/f.svg\" alt=\"Google\" width=\"17\" height=\"17\" loading=\"lazy\"><\/trustindex-image><trustindex-image class=\"ti-star\" data-imgurl=\"https:\/\/cdn.trustindex.io\/assets\/platform\/Google\/star\/f.svg\" alt=\"Google\" width=\"17\" height=\"17\" loading=\"lazy\"><\/trustindex-image><trustindex-image class=\"ti-star\" data-imgurl=\"https:\/\/cdn.trustindex.io\/assets\/platform\/Google\/star\/f.svg\" alt=\"Google\" width=\"17\" height=\"17\" loading=\"lazy\"><\/trustindex-image><trustindex-image class=\"ti-star\" data-imgurl=\"https:\/\/cdn.trustindex.io\/assets\/platform\/Google\/star\/f.svg\" alt=\"Google\" width=\"17\" height=\"17\" loading=\"lazy\"><\/trustindex-image><span class=\"ti-verified-review ti-verified-platform\"><span class=\"ti-verified-tooltip\">Trustindex verific\u0103 c\u0103 sursa original\u0103 a recenziei este Google.<\/span><\/span><\/span> <div class=\"ti-review-text-container ti-review-content\"><!-- R-CONTENT -->Cel pu\u021bin minunat!<!-- R-CONTENT --><\/div> <span class=\"ti-read-more\" data-container=\".ti-review-content\" data-collapse-text=\"Ascunde\" data-open-text=\"Citeste mai mult\"><\/span> <\/div> <\/div>  <\/div> <div class=\"ti-controls-line\"> <div class=\"dot\"><\/div> <\/div> <\/div>   <\/div> <\/div> <\/template><\/pre><div data-src=\"https:\/\/cdn.trustindex.io\/loader.js?wp-widget\" data-template-id=\"trustindex-google-widget-html\" data-css-url=\"https:\/\/hotelyara.ro\/wp-content\/uploads\/trustindex-google-widget.css?1773966339\"><\/div>\n\n<\/div><!-- .vgblk-rw-wrapper -->","protected":false},"excerpt":{"rendered":"<p>Restaurant Open daily 07:30 \u2013 22:00 We invite you to try our dishes with fresh local ingredients, which include traditional dishes from Maramure\u0219. Soups, stews, sausages or pies, but also delicious international dishes such as burgers, pasta or pizza. Our restaurant is the perfect place for a romantic dinner, a party with friends or a meeting...<\/p>","protected":false},"author":1,"featured_media":987692,"parent":0,"menu_order":0,"comment_status":"closed","ping_status":"closed","template":"","meta":{"inline_featured_image":false,"footnotes":""},"class_list":["post-987850","page","type-page","status-publish","has-post-thumbnail","hentry"],"yoast_head":"<!-- This site is optimized with the Yoast SEO plugin v27.3 - https:\/\/yoast.com\/product\/yoast-seo-wordpress\/ -->\n<title>Restaurant &amp; Gastro - Hotel Yara<\/title>\n<meta name=\"description\" content=\"Atmosfera cald\u0103 \u0219i primitoare, serviciul prietenos \u0219i m\u00e2ncarea delicioas\u0103 v\u0103 vor face s\u0103 v\u0103 sim\u021bi\u021bi cu adev\u0103rat speciali.\" \/>\n<meta name=\"robots\" content=\"index, follow, max-snippet:-1, max-image-preview:large, max-video-preview:-1\" \/>\n<link rel=\"canonical\" href=\"https:\/\/hotelyara.ro\/en\/restaurant-gastro-hote-yara\/\" \/>\n<meta property=\"og:locale\" content=\"en_US\" \/>\n<meta property=\"og:type\" content=\"article\" \/>\n<meta property=\"og:title\" content=\"Restaurant &amp; Gastro - Hotel Yara\" \/>\n<meta property=\"og:description\" content=\"Atmosfera cald\u0103 \u0219i primitoare, serviciul prietenos \u0219i m\u00e2ncarea delicioas\u0103 v\u0103 vor face s\u0103 v\u0103 sim\u021bi\u021bi cu adev\u0103rat speciali.\" \/>\n<meta property=\"og:url\" content=\"https:\/\/hotelyara.ro\/en\/restaurant-gastro-hote-yara\/\" \/>\n<meta property=\"og:site_name\" content=\"Hotel Yara\" \/>\n<meta property=\"article:publisher\" content=\"https:\/\/www.facebook.com\/hotelyara.mm\/\" \/>\n<meta property=\"article:modified_time\" content=\"2023-06-03T18:58:31+00:00\" \/>\n<meta property=\"og:image\" content=\"https:\/\/hotelyara.ro\/wp-content\/uploads\/2015\/08\/EVENIMENTE-PRIVATE-scaled.jpg\" \/>\n\t<meta property=\"og:image:width\" content=\"1620\" \/>\n\t<meta property=\"og:image:height\" content=\"1080\" \/>\n\t<meta property=\"og:image:type\" content=\"image\/jpeg\" \/>\n<meta name=\"twitter:card\" content=\"summary_large_image\" \/>\n<meta name=\"twitter:title\" content=\"Restaurant &amp; Gastro - Hotel Yara\" \/>\n<meta name=\"twitter:description\" content=\"Atmosfera cald\u0103 \u0219i primitoare, serviciul prietenos \u0219i m\u00e2ncarea delicioas\u0103 v\u0103 vor face s\u0103 v\u0103 sim\u021bi\u021bi cu adev\u0103rat speciali.\" \/>\n<meta name=\"twitter:image\" content=\"https:\/\/hotelyara.ro\/wp-content\/uploads\/2015\/08\/EVENIMENTE-PRIVATE-scaled.jpg\" \/>\n<meta name=\"twitter:label1\" content=\"Est. reading time\" \/>\n\t<meta name=\"twitter:data1\" content=\"1 minute\" \/>\n<!-- \/ Yoast SEO plugin. -->","yoast_head_json":{"title":"Restaurant &amp; Gastro - Hotel Yara","description":"The warm and welcoming atmosphere, friendly service and delicious food will make you feel truly special.","robots":{"index":"index","follow":"follow","max-snippet":"max-snippet:-1","max-image-preview":"max-image-preview:large","max-video-preview":"max-video-preview:-1"},"canonical":"https:\/\/hotelyara.ro\/en\/restaurant-gastro-hote-yara\/","og_locale":"en_US","og_type":"article","og_title":"Restaurant & Gastro - Hotel Yara","og_description":"Atmosfera cald\u0103 \u0219i primitoare, serviciul prietenos \u0219i m\u00e2ncarea delicioas\u0103 v\u0103 vor face s\u0103 v\u0103 sim\u021bi\u021bi cu adev\u0103rat speciali.","og_url":"https:\/\/hotelyara.ro\/en\/restaurant-gastro-hote-yara\/","og_site_name":"Hotel Yara","article_publisher":"https:\/\/www.facebook.com\/hotelyara.mm\/","article_modified_time":"2023-06-03T18:58:31+00:00","og_image":[{"width":1620,"height":1080,"url":"https:\/\/hotelyara.ro\/wp-content\/uploads\/2015\/08\/EVENIMENTE-PRIVATE-scaled.jpg","type":"image\/jpeg"}],"twitter_card":"summary_large_image","twitter_title":"Restaurant & Gastro - Hotel Yara","twitter_description":"Atmosfera cald\u0103 \u0219i primitoare, serviciul prietenos \u0219i m\u00e2ncarea delicioas\u0103 v\u0103 vor face s\u0103 v\u0103 sim\u021bi\u021bi cu adev\u0103rat speciali.","twitter_image":"https:\/\/hotelyara.ro\/wp-content\/uploads\/2015\/08\/EVENIMENTE-PRIVATE-scaled.jpg","twitter_misc":{"Est. reading time":"1 minute"},"schema":{"@context":"https:\/\/schema.org","@graph":[{"@type":"WebPage","@id":"https:\/\/hotelyara.ro\/restaurant-gastro-hote-yara\/","url":"https:\/\/hotelyara.ro\/restaurant-gastro-hote-yara\/","name":"Restaurant &amp; Gastro - Hotel Yara","isPartOf":{"@id":"https:\/\/hotelyara.ro\/#website"},"primaryImageOfPage":{"@id":"https:\/\/hotelyara.ro\/restaurant-gastro-hote-yara\/#primaryimage"},"image":{"@id":"https:\/\/hotelyara.ro\/restaurant-gastro-hote-yara\/#primaryimage"},"thumbnailUrl":"https:\/\/hotelyara.ro\/wp-content\/uploads\/2015\/08\/EVENIMENTE-PRIVATE-scaled.jpg","datePublished":"2023-04-14T03:06:35+00:00","dateModified":"2023-06-03T18:58:31+00:00","description":"The warm and welcoming atmosphere, friendly service and delicious food will make you feel truly special.","breadcrumb":{"@id":"https:\/\/hotelyara.ro\/restaurant-gastro-hote-yara\/#breadcrumb"},"inLanguage":"en-US","potentialAction":[{"@type":"ReadAction","target":["https:\/\/hotelyara.ro\/restaurant-gastro-hote-yara\/"]}]},{"@type":"ImageObject","inLanguage":"en-US","@id":"https:\/\/hotelyara.ro\/restaurant-gastro-hote-yara\/#primaryimage","url":"https:\/\/hotelyara.ro\/wp-content\/uploads\/2015\/08\/EVENIMENTE-PRIVATE-scaled.jpg","contentUrl":"https:\/\/hotelyara.ro\/wp-content\/uploads\/2015\/08\/EVENIMENTE-PRIVATE-scaled.jpg","width":1620,"height":1080,"caption":"Bufet Restaurant - Hotel Yara"},{"@type":"BreadcrumbList","@id":"https:\/\/hotelyara.ro\/restaurant-gastro-hote-yara\/#breadcrumb","itemListElement":[{"@type":"ListItem","position":1,"name":"Home","item":"https:\/\/hotelyara.ro\/"},{"@type":"ListItem","position":2,"name":"Restaurant &#038; Gastro"}]},{"@type":"WebSite","@id":"https:\/\/hotelyara.ro\/#website","url":"https:\/\/hotelyara.ro\/","name":"Enjoy authentic hospitality at Hotel Yara in Viseu de Sus","description":"","publisher":{"@id":"https:\/\/hotelyara.ro\/#organization"},"potentialAction":[{"@type":"SearchAction","target":{"@type":"EntryPoint","urlTemplate":"https:\/\/hotelyara.ro\/?s={search_term_string}"},"query-input":{"@type":"PropertyValueSpecification","valueRequired":true,"valueName":"search_term_string"}}],"inLanguage":"en-US"},{"@type":"Organization","@id":"https:\/\/hotelyara.ro\/#organization","name":"Enjoy authentic hospitality at Hotel Yara in Viseu de Sus","url":"https:\/\/hotelyara.ro\/","logo":{"@type":"ImageObject","inLanguage":"en-US","@id":"https:\/\/hotelyara.ro\/#\/schema\/logo\/image\/","url":"https:\/\/hotelyara.ro\/wp-content\/uploads\/2015\/08\/Logo-Yara-2.png","contentUrl":"https:\/\/hotelyara.ro\/wp-content\/uploads\/2015\/08\/Logo-Yara-2.png","width":1080,"height":1080,"caption":"Bucur\u0103-te de ospitalitatea autentic\u0103 la Hotelul Yara din Viseu de Sus"},"image":{"@id":"https:\/\/hotelyara.ro\/#\/schema\/logo\/image\/"},"sameAs":["https:\/\/www.facebook.com\/hotelyara.mm\/","https:\/\/www.instagram.com\/hotel.yara\/"]}]}},"_links":{"self":[{"href":"https:\/\/hotelyara.ro\/en\/wp-json\/wp\/v2\/pages\/987850","targetHints":{"allow":["GET"]}}],"collection":[{"href":"https:\/\/hotelyara.ro\/en\/wp-json\/wp\/v2\/pages"}],"about":[{"href":"https:\/\/hotelyara.ro\/en\/wp-json\/wp\/v2\/types\/page"}],"author":[{"embeddable":true,"href":"https:\/\/hotelyara.ro\/en\/wp-json\/wp\/v2\/users\/1"}],"replies":[{"embeddable":true,"href":"https:\/\/hotelyara.ro\/en\/wp-json\/wp\/v2\/comments?post=987850"}],"version-history":[{"count":29,"href":"https:\/\/hotelyara.ro\/en\/wp-json\/wp\/v2\/pages\/987850\/revisions"}],"predecessor-version":[{"id":988015,"href":"https:\/\/hotelyara.ro\/en\/wp-json\/wp\/v2\/pages\/987850\/revisions\/988015"}],"wp:featuredmedia":[{"embeddable":true,"href":"https:\/\/hotelyara.ro\/en\/wp-json\/wp\/v2\/media\/987692"}],"wp:attachment":[{"href":"https:\/\/hotelyara.ro\/en\/wp-json\/wp\/v2\/media?parent=987850"}],"curies":[{"name":"wp","href":"https:\/\/api.w.org\/{rel}","templated":true}]}}