{"id":987852,"date":"2023-04-14T03:06:55","date_gmt":"2023-04-14T03:06:55","guid":{"rendered":"https:\/\/hotelyara.ro\/?page_id=987852"},"modified":"2024-02-16T15:39:57","modified_gmt":"2024-02-16T15:39:57","slug":"evenimente-hotel-yara","status":"publish","type":"page","link":"https:\/\/hotelyara.ro\/en\/evenimente-hotel-yara\/","title":{"rendered":"event"},"content":{"rendered":"<div class=\"vgblk-rw-wrapper limit-wrapper\">\n<h2>\n\t\tRezerv\u0103 evenimentul perfect\n\t<\/h2>\n\t\t\t<a href=\"https:\/\/hotelyara.ro\/catalog_nou.pdf\" target=\"_self\" rel=\"noopener\">\n\t\t\t\t\t\tVezi bro\u0219ur\u0103 evenimente\n\t\t\t\t\t<\/a>\n\t<div class=\"wpforms-container \" id=\"wpforms-17222\"><form id=\"wpforms-form-17222\" class=\"wpforms-validate wpforms-form\" data-formid=\"17222\" method=\"post\" enctype=\"multipart\/form-data\" action=\"\/en\/wp-json\/wp\/v2\/pages\/987852\" data-token=\"72b829b1cf660e9b7d9ef81564f64eec\" data-token-time=\"1775567262\"><noscript class=\"wpforms-error-noscript\">Please enable JavaScript in your browser to complete this form.<\/noscript><div class=\"wpforms-field-container\"><div id=\"wpforms-17222-field_0-container\" class=\"wpforms-field wpforms-field-name wpforms-one-half wpforms-first\" data-field-id=\"0\"><label class=\"wpforms-field-label\" for=\"wpforms-17222-field_0\">Nume <span class=\"wpforms-required-label\">*<\/span><\/label><input type=\"text\" id=\"wpforms-17222-field_0\" class=\"wpforms-field-large wpforms-field-required\" name=\"wpforms[fields][0]\" placeholder=\"Nume\" required><\/div><div id=\"wpforms-17222-field_4-container\" class=\"wpforms-field wpforms-field-name wpforms-one-half\" data-field-id=\"4\"><label class=\"wpforms-field-label\" for=\"wpforms-17222-field_4\">Companie<\/label><input type=\"text\" id=\"wpforms-17222-field_4\" class=\"wpforms-field-large\" name=\"wpforms[fields][4]\" placeholder=\"Companie\" ><\/div><div id=\"wpforms-17222-field_1-container\" class=\"wpforms-field wpforms-field-email wpforms-one-half wpforms-first\" data-field-id=\"1\"><label class=\"wpforms-field-label\" for=\"wpforms-17222-field_1\">E-mail <span class=\"wpforms-required-label\">*<\/span><\/label><input type=\"email\" id=\"wpforms-17222-field_1\" class=\"wpforms-field-large wpforms-field-required\" name=\"wpforms[fields][1]\" placeholder=\"E-mail\" spellcheck=\"false\" required><\/div><div id=\"wpforms-17222-field_5-container\" class=\"wpforms-field wpforms-field-number wpforms-one-half\" data-field-id=\"5\"><label class=\"wpforms-field-label\" for=\"wpforms-17222-field_5\">Numar de telefon <span class=\"wpforms-required-label\">*<\/span><\/label><input type=\"number\" id=\"wpforms-17222-field_5\" class=\"wpforms-field-large wpforms-field-required\" name=\"wpforms[fields][5]\" placeholder=\"Numar de telefon\" step=\"any\" required><\/div><div id=\"wpforms-17222-field_2-container\" class=\"wpforms-field wpforms-field-textarea wpforms-first\" data-field-id=\"2\"><label class=\"wpforms-field-label\" for=\"wpforms-17222-field_2\">Detalii <span class=\"wpforms-required-label\">*<\/span><\/label><textarea id=\"wpforms-17222-field_2\" class=\"wpforms-field-medium wpforms-field-required\" name=\"wpforms[fields][2]\" placeholder=\"Mesajul tau pana la 500 de caractere...\" required><\/textarea><\/div><\/div><!-- .wpforms-field-container --><div class=\"wpforms-field wpforms-field-hp\"><label for=\"wpforms-17222-field-hp\" class=\"wpforms-field-label\">Phone<\/label><input type=\"text\" name=\"wpforms[hp]\" id=\"wpforms-17222-field-hp\" class=\"wpforms-field-medium\"><\/div><div class=\"wpforms-submit-container\" ><input type=\"hidden\" name=\"wpforms[id]\" value=\"17222\"><input type=\"hidden\" name=\"page_title\" value=\"\"><input type=\"hidden\" name=\"page_url\" value=\"https:\/\/hotelyara.ro\/en\/wp-json\/wp\/v2\/pages\/987852\"><input type=\"hidden\" name=\"url_referer\" value=\"\"><button type=\"submit\" name=\"wpforms[submit]\" id=\"wpforms-submit-17222\" class=\"wpforms-submit\" data-alt-text=\"Trimitere...\" data-submit-text=\"Trimite mesaj\" aria-live=\"assertive\" value=\"wpforms-submit\">Trimite mesaj<\/button><\/div><\/form><\/div>  <!-- .wpforms-container -->\n\t<pre class=\"ti-widget\"><template id=\"trustindex-google-widget-html\"><div class=\" ti-widget  ti-goog ti-review-text-mode-readmore ti-text-align-left\" data-no-translation=\"true\" data-plugin-version=\"13.2.8\" data-layout-id=\"34\" data-layout-category=\"slider\" data-set-id=\"light-background-image\" data-pid=\"\" data-language=\"ro\" data-close-locale=\"\u00cenchide\" data-review-target-width=\"300\" data-css-version=\"2\" data-reply-by-locale=\"R\u0103spunsul proprietarului\" data-only-rating-locale=\"Acest utilizator a l\u0103sat doar o evaluare.\" data-pager-autoplay-timeout=\"6\"> <div class=\"ti-widget-container ti-col-3\"> <div class=\"ti-header ti-header-grid source-Google\"> <div class=\"ti-fade-container\"> <div class=\"ti-rating-text\"> <strong class=\"ti-rating ti-rating-large\"> EXCELENT <\/strong> <\/div> <span class=\"ti-stars star-lg\"><trustindex-image class=\"ti-star\" data-imgurl=\"https:\/\/cdn.trustindex.io\/assets\/platform\/Google\/star\/f.svg\" alt=\"Google\" width=\"17\" height=\"17\" loading=\"lazy\"><\/trustindex-image><trustindex-image class=\"ti-star\" data-imgurl=\"https:\/\/cdn.trustindex.io\/assets\/platform\/Google\/star\/f.svg\" alt=\"Google\" width=\"17\" height=\"17\" loading=\"lazy\"><\/trustindex-image><trustindex-image class=\"ti-star\" data-imgurl=\"https:\/\/cdn.trustindex.io\/assets\/platform\/Google\/star\/f.svg\" alt=\"Google\" width=\"17\" height=\"17\" loading=\"lazy\"><\/trustindex-image><trustindex-image class=\"ti-star\" data-imgurl=\"https:\/\/cdn.trustindex.io\/assets\/platform\/Google\/star\/f.svg\" alt=\"Google\" width=\"17\" height=\"17\" loading=\"lazy\"><\/trustindex-image><trustindex-image class=\"ti-star\" data-imgurl=\"https:\/\/cdn.trustindex.io\/assets\/platform\/Google\/star\/f.svg\" alt=\"Google\" width=\"17\" height=\"17\" loading=\"lazy\"><\/trustindex-image><\/span> <div class=\"ti-rating-text\"> <span class=\"nowrap\">Pe baza a <strong>398 de recenzii<\/strong><\/span> <\/div> <div class=\"ti-large-logo\"> <div class=\"ti-v-center\"> <trustindex-image class=\"ti-logo-fb\" data-imgurl=\"https:\/\/cdn.trustindex.io\/assets\/platform\/Google\/logo.svg\" width=\"150\" height=\"25\" loading=\"lazy\" alt=\"Google\"><\/trustindex-image> <\/div> <\/div> <\/div> <\/div> <div class=\"ti-reviews-container\"> <div class=\"ti-controls\"> <div class=\"ti-next\" aria-label=\"Urm\u0103toarea recenzie\" role=\"button\" tabindex=\"0\"><\/div> <div class=\"ti-prev\" aria-label=\"Recenzie anterioar\u0103\" role=\"button\" tabindex=\"0\"><\/div> <\/div> <div class=\"ti-reviews-container-wrapper\">  <div data-empty=\"0\" class=\"ti-review-item source-Google ti-image-layout-thumbnail\" data-id=\"cfcd208495d565ef66e7dff9f98764da\"> <div class=\"ti-inner\"> <div class=\"ti-review-header\"> <div class=\"ti-platform-icon ti-with-tooltip\"> <span class=\"ti-tooltip\">Publicat pe <\/span> <trustindex-image data-imgurl=\"https:\/\/cdn.trustindex.io\/assets\/platform\/Google\/icon.svg\" alt=\"\" width=\"20\" height=\"20\" loading=\"lazy\"><\/trustindex-image> <\/div> <div class=\"ti-profile-img\"> <trustindex-image data-imgurl=\"https:\/\/lh3.googleusercontent.com\/a\/ACg8ocKUB4vlUh99ukLn23kvcSaErnAYORLlmXnUxjT7pj70=w40-h40-c-rp-mo-br100\" alt=\"Adrian Bite profile picture\" loading=\"lazy\"><\/trustindex-image> <\/div> <div class=\"ti-profile-details\"> <div class=\"ti-name\"> Adrian Bite <\/div> <div class=\"ti-date\">Noiembrie 17, 2023<\/div> <\/div> <\/div> <span class=\"ti-stars\"><trustindex-image class=\"ti-star\" data-imgurl=\"https:\/\/cdn.trustindex.io\/assets\/platform\/Google\/star\/f.svg\" alt=\"Google\" width=\"17\" height=\"17\" loading=\"lazy\"><\/trustindex-image><trustindex-image class=\"ti-star\" data-imgurl=\"https:\/\/cdn.trustindex.io\/assets\/platform\/Google\/star\/f.svg\" alt=\"Google\" width=\"17\" height=\"17\" loading=\"lazy\"><\/trustindex-image><trustindex-image class=\"ti-star\" data-imgurl=\"https:\/\/cdn.trustindex.io\/assets\/platform\/Google\/star\/f.svg\" alt=\"Google\" width=\"17\" height=\"17\" loading=\"lazy\"><\/trustindex-image><trustindex-image class=\"ti-star\" data-imgurl=\"https:\/\/cdn.trustindex.io\/assets\/platform\/Google\/star\/f.svg\" alt=\"Google\" width=\"17\" height=\"17\" loading=\"lazy\"><\/trustindex-image><trustindex-image class=\"ti-star\" data-imgurl=\"https:\/\/cdn.trustindex.io\/assets\/platform\/Google\/star\/f.svg\" alt=\"Google\" width=\"17\" height=\"17\" loading=\"lazy\"><\/trustindex-image><span class=\"ti-verified-review ti-verified-platform\"><span class=\"ti-verified-tooltip\">Trustindex verific\u0103 c\u0103 sursa original\u0103 a recenziei este Google.<\/span><\/span><\/span> <div class=\"ti-review-text-container ti-review-content\"><!-- R-CONTENT -->Loca\u021bie excelenta \u0219i servicii irepro\u0219abile...\nOameni primitori \u0219i m\u00e2ncare foarte bun\u0103!<!-- R-CONTENT --><\/div> <span class=\"ti-read-more\" data-container=\".ti-review-content\" data-collapse-text=\"Ascunde\" data-open-text=\"Citeste mai mult\"><\/span> <\/div> <\/div>  <div data-empty=\"0\" class=\"ti-review-item source-Google ti-image-layout-thumbnail\" data-id=\"cfcd208495d565ef66e7dff9f98764da\"> <div class=\"ti-inner\"> <div class=\"ti-review-header\"> <div class=\"ti-platform-icon ti-with-tooltip\"> <span class=\"ti-tooltip\">Publicat pe <\/span> <trustindex-image data-imgurl=\"https:\/\/cdn.trustindex.io\/assets\/platform\/Google\/icon.svg\" alt=\"\" width=\"20\" height=\"20\" loading=\"lazy\"><\/trustindex-image> <\/div> <div class=\"ti-profile-img\"> <trustindex-image data-imgurl=\"https:\/\/lh3.googleusercontent.com\/a-\/ALV-UjXBas2hADEP_5OdJWsnfvCCAVB5Oy0LabFIQvTJPdRKuhM=w40-h40-c-rp-mo-br100\" alt=\"Duruttya Emil profile picture\" loading=\"lazy\"><\/trustindex-image> <\/div> <div class=\"ti-profile-details\"> <div class=\"ti-name\"> Duruttya Emil <\/div> <div class=\"ti-date\">Noiembrie 12, 2023<\/div> <\/div> <\/div> <span class=\"ti-stars\"><trustindex-image class=\"ti-star\" data-imgurl=\"https:\/\/cdn.trustindex.io\/assets\/platform\/Google\/star\/f.svg\" alt=\"Google\" width=\"17\" height=\"17\" loading=\"lazy\"><\/trustindex-image><trustindex-image class=\"ti-star\" data-imgurl=\"https:\/\/cdn.trustindex.io\/assets\/platform\/Google\/star\/f.svg\" alt=\"Google\" width=\"17\" height=\"17\" loading=\"lazy\"><\/trustindex-image><trustindex-image class=\"ti-star\" data-imgurl=\"https:\/\/cdn.trustindex.io\/assets\/platform\/Google\/star\/f.svg\" alt=\"Google\" width=\"17\" height=\"17\" loading=\"lazy\"><\/trustindex-image><trustindex-image class=\"ti-star\" data-imgurl=\"https:\/\/cdn.trustindex.io\/assets\/platform\/Google\/star\/f.svg\" alt=\"Google\" width=\"17\" height=\"17\" loading=\"lazy\"><\/trustindex-image><trustindex-image class=\"ti-star\" data-imgurl=\"https:\/\/cdn.trustindex.io\/assets\/platform\/Google\/star\/f.svg\" alt=\"Google\" width=\"17\" height=\"17\" loading=\"lazy\"><\/trustindex-image><span class=\"ti-verified-review ti-verified-platform\"><span class=\"ti-verified-tooltip\">Trustindex verific\u0103 c\u0103 sursa original\u0103 a recenziei este Google.<\/span><\/span><\/span> <div class=\"ti-review-text-container ti-review-content\"><!-- R-CONTENT -->A fost o experien\u021b\u0103 foarte pl\u0103cut\u0103 din toate punctele de vedere. Am fost cu doi copii mici \u0219i am avut parte fiecare de momente frumoase de relaxare<!-- R-CONTENT --><\/div> <span class=\"ti-read-more\" data-container=\".ti-review-content\" data-collapse-text=\"Ascunde\" data-open-text=\"Citeste mai mult\"><\/span> <\/div> <\/div>  <div data-empty=\"0\" class=\"ti-review-item source-Google ti-image-layout-thumbnail\" data-id=\"cfcd208495d565ef66e7dff9f98764da\"> <div class=\"ti-inner\"> <div class=\"ti-review-header\"> <div class=\"ti-platform-icon ti-with-tooltip\"> <span class=\"ti-tooltip\">Publicat pe <\/span> <trustindex-image data-imgurl=\"https:\/\/cdn.trustindex.io\/assets\/platform\/Google\/icon.svg\" alt=\"\" width=\"20\" height=\"20\" loading=\"lazy\"><\/trustindex-image> <\/div> <div class=\"ti-profile-img\"> <trustindex-image data-imgurl=\"https:\/\/lh3.googleusercontent.com\/a-\/ALV-UjXcs6Rxhu1Qh9-tINMmu10otxnKfHtbxo3YbXrS1UcFqQ=w40-h40-c-rp-mo-br100\" alt=\"Georgiana Maruntu profile picture\" loading=\"lazy\"><\/trustindex-image> <\/div> <div class=\"ti-profile-details\"> <div class=\"ti-name\"> Georgiana Maruntu <\/div> <div class=\"ti-date\">Noiembrie 5, 2023<\/div> <\/div> <\/div> <span class=\"ti-stars\"><trustindex-image class=\"ti-star\" data-imgurl=\"https:\/\/cdn.trustindex.io\/assets\/platform\/Google\/star\/f.svg\" alt=\"Google\" width=\"17\" height=\"17\" loading=\"lazy\"><\/trustindex-image><trustindex-image class=\"ti-star\" data-imgurl=\"https:\/\/cdn.trustindex.io\/assets\/platform\/Google\/star\/f.svg\" alt=\"Google\" width=\"17\" height=\"17\" loading=\"lazy\"><\/trustindex-image><trustindex-image class=\"ti-star\" data-imgurl=\"https:\/\/cdn.trustindex.io\/assets\/platform\/Google\/star\/f.svg\" alt=\"Google\" width=\"17\" height=\"17\" loading=\"lazy\"><\/trustindex-image><trustindex-image class=\"ti-star\" data-imgurl=\"https:\/\/cdn.trustindex.io\/assets\/platform\/Google\/star\/f.svg\" alt=\"Google\" width=\"17\" height=\"17\" loading=\"lazy\"><\/trustindex-image><trustindex-image class=\"ti-star\" data-imgurl=\"https:\/\/cdn.trustindex.io\/assets\/platform\/Google\/star\/f.svg\" alt=\"Google\" width=\"17\" height=\"17\" loading=\"lazy\"><\/trustindex-image><span class=\"ti-verified-review ti-verified-platform\"><span class=\"ti-verified-tooltip\">Trustindex verific\u0103 c\u0103 sursa original\u0103 a recenziei este Google.<\/span><\/span><\/span> <div class=\"ti-review-text-container ti-review-content\"><!-- R-CONTENT -->Cel pu\u021bin minunat!<!-- R-CONTENT --><\/div> <span class=\"ti-read-more\" data-container=\".ti-review-content\" data-collapse-text=\"Ascunde\" data-open-text=\"Citeste mai mult\"><\/span> <\/div> <\/div>  <\/div> <div class=\"ti-controls-line\"> <div class=\"dot\"><\/div> <\/div> <\/div>   <\/div> <\/div> <\/template><\/pre><div data-src=\"https:\/\/cdn.trustindex.io\/loader.js?wp-widget\" data-template-id=\"trustindex-google-widget-html\" data-css-url=\"https:\/\/hotelyara.ro\/wp-content\/uploads\/trustindex-google-widget.css?1773966339\"><\/div>\n\n<\/div><!-- .vgblk-rw-wrapper -->","protected":false},"excerpt":{"rendered":"<p>Book the perfect event See events brochure<\/p>","protected":false},"author":1,"featured_media":987690,"parent":0,"menu_order":0,"comment_status":"closed","ping_status":"closed","template":"","meta":{"inline_featured_image":false,"footnotes":""},"class_list":["post-987852","page","type-page","status-publish","has-post-thumbnail","hentry"],"yoast_head":"<!-- This site is optimized with the Yoast SEO plugin v27.3 - https:\/\/yoast.com\/product\/yoast-seo-wordpress\/ -->\n<title>Evenimente Private - Hotel Yara<\/title>\n<meta name=\"description\" content=\"La Hotel Yara organiz\u0103m cele mai frumoase evenimente private. Trat\u0103m cu seriozitate \u0219i profesionalism fiecare eveniment \u0219i garant\u0103m evenimentul perfect.\" \/>\n<meta name=\"robots\" content=\"index, follow, max-snippet:-1, max-image-preview:large, max-video-preview:-1\" \/>\n<link rel=\"canonical\" href=\"https:\/\/hotelyara.ro\/en\/evenimente-hotel-yara\/\" \/>\n<meta property=\"og:locale\" content=\"en_US\" \/>\n<meta property=\"og:type\" content=\"article\" \/>\n<meta property=\"og:title\" content=\"Evenimente Private - Hotel Yara\" \/>\n<meta property=\"og:description\" content=\"La Hotel Yara organiz\u0103m cele mai frumoase evenimente private. Trat\u0103m cu seriozitate \u0219i profesionalism fiecare eveniment \u0219i garant\u0103m evenimentul perfect.\" \/>\n<meta property=\"og:url\" content=\"https:\/\/hotelyara.ro\/en\/evenimente-hotel-yara\/\" \/>\n<meta property=\"og:site_name\" content=\"Hotel Yara\" \/>\n<meta property=\"article:publisher\" content=\"https:\/\/www.facebook.com\/hotelyara.mm\/\" \/>\n<meta property=\"article:modified_time\" content=\"2024-02-16T15:39:57+00:00\" \/>\n<meta property=\"og:image\" content=\"https:\/\/hotelyara.ro\/wp-content\/uploads\/2015\/08\/SERI-LA-YARA-3-scaled.jpg\" \/>\n\t<meta property=\"og:image:width\" content=\"1620\" \/>\n\t<meta property=\"og:image:height\" content=\"1080\" \/>\n\t<meta property=\"og:image:type\" content=\"image\/jpeg\" \/>\n<meta name=\"twitter:card\" content=\"summary_large_image\" \/>\n<meta name=\"twitter:title\" content=\"Evenimente Private - Hotel Yara\" \/>\n<meta name=\"twitter:description\" content=\"La Hotel Yara organiz\u0103m cele mai frumoase evenimente private. Trat\u0103m cu seriozitate \u0219i profesionalism fiecare eveniment \u0219i garant\u0103m evenimentul perfect.\" \/>\n<meta name=\"twitter:image\" content=\"https:\/\/hotelyara.ro\/wp-content\/uploads\/2015\/08\/SERI-LA-YARA-3-scaled.jpg\" \/>\n<meta name=\"twitter:label1\" content=\"Est. reading time\" \/>\n\t<meta name=\"twitter:data1\" content=\"2 minutes\" \/>\n<!-- \/ Yoast SEO plugin. -->","yoast_head_json":{"title":"Private Events - Hotel Yara","description":"At Hotel Yara we organize the most beautiful private events. We treat each event with seriousness and professionalism and guarantee the perfect event.","robots":{"index":"index","follow":"follow","max-snippet":"max-snippet:-1","max-image-preview":"max-image-preview:large","max-video-preview":"max-video-preview:-1"},"canonical":"https:\/\/hotelyara.ro\/en\/evenimente-hotel-yara\/","og_locale":"en_US","og_type":"article","og_title":"Evenimente Private - Hotel Yara","og_description":"La Hotel Yara organiz\u0103m cele mai frumoase evenimente private. Trat\u0103m cu seriozitate \u0219i profesionalism fiecare eveniment \u0219i garant\u0103m evenimentul perfect.","og_url":"https:\/\/hotelyara.ro\/en\/evenimente-hotel-yara\/","og_site_name":"Hotel Yara","article_publisher":"https:\/\/www.facebook.com\/hotelyara.mm\/","article_modified_time":"2024-02-16T15:39:57+00:00","og_image":[{"width":1620,"height":1080,"url":"https:\/\/hotelyara.ro\/wp-content\/uploads\/2015\/08\/SERI-LA-YARA-3-scaled.jpg","type":"image\/jpeg"}],"twitter_card":"summary_large_image","twitter_title":"Evenimente Private - Hotel Yara","twitter_description":"La Hotel Yara organiz\u0103m cele mai frumoase evenimente private. Trat\u0103m cu seriozitate \u0219i profesionalism fiecare eveniment \u0219i garant\u0103m evenimentul perfect.","twitter_image":"https:\/\/hotelyara.ro\/wp-content\/uploads\/2015\/08\/SERI-LA-YARA-3-scaled.jpg","twitter_misc":{"Est. reading time":"2 minutes"},"schema":{"@context":"https:\/\/schema.org","@graph":[{"@type":"WebPage","@id":"https:\/\/hotelyara.ro\/evenimente-hotel-yara\/","url":"https:\/\/hotelyara.ro\/evenimente-hotel-yara\/","name":"Private Events - Hotel Yara","isPartOf":{"@id":"https:\/\/hotelyara.ro\/#website"},"primaryImageOfPage":{"@id":"https:\/\/hotelyara.ro\/evenimente-hotel-yara\/#primaryimage"},"image":{"@id":"https:\/\/hotelyara.ro\/evenimente-hotel-yara\/#primaryimage"},"thumbnailUrl":"https:\/\/hotelyara.ro\/wp-content\/uploads\/2015\/08\/EVENIMENTE-PRIVATE-1-scaled.jpg","datePublished":"2023-04-14T03:06:55+00:00","dateModified":"2024-02-16T15:39:57+00:00","description":"At Hotel Yara we organize the most beautiful private events. We treat each event with seriousness and professionalism and guarantee the perfect event.","breadcrumb":{"@id":"https:\/\/hotelyara.ro\/evenimente-hotel-yara\/#breadcrumb"},"inLanguage":"en-US","potentialAction":[{"@type":"ReadAction","target":["https:\/\/hotelyara.ro\/evenimente-hotel-yara\/"]}]},{"@type":"ImageObject","inLanguage":"en-US","@id":"https:\/\/hotelyara.ro\/evenimente-hotel-yara\/#primaryimage","url":"https:\/\/hotelyara.ro\/wp-content\/uploads\/2015\/08\/EVENIMENTE-PRIVATE-1-scaled.jpg","contentUrl":"https:\/\/hotelyara.ro\/wp-content\/uploads\/2015\/08\/EVENIMENTE-PRIVATE-1-scaled.jpg","width":1620,"height":1080,"caption":"Masa Evenimente Hotel Yara - Terasa plina"},{"@type":"BreadcrumbList","@id":"https:\/\/hotelyara.ro\/evenimente-hotel-yara\/#breadcrumb","itemListElement":[{"@type":"ListItem","position":1,"name":"Home","item":"https:\/\/hotelyara.ro\/"},{"@type":"ListItem","position":2,"name":"Evenimente"}]},{"@type":"WebSite","@id":"https:\/\/hotelyara.ro\/#website","url":"https:\/\/hotelyara.ro\/","name":"Enjoy authentic hospitality at Hotel Yara in Viseu de Sus","description":"","publisher":{"@id":"https:\/\/hotelyara.ro\/#organization"},"potentialAction":[{"@type":"SearchAction","target":{"@type":"EntryPoint","urlTemplate":"https:\/\/hotelyara.ro\/?s={search_term_string}"},"query-input":{"@type":"PropertyValueSpecification","valueRequired":true,"valueName":"search_term_string"}}],"inLanguage":"en-US"},{"@type":"Organization","@id":"https:\/\/hotelyara.ro\/#organization","name":"Enjoy authentic hospitality at Hotel Yara in Viseu de Sus","url":"https:\/\/hotelyara.ro\/","logo":{"@type":"ImageObject","inLanguage":"en-US","@id":"https:\/\/hotelyara.ro\/#\/schema\/logo\/image\/","url":"https:\/\/hotelyara.ro\/wp-content\/uploads\/2015\/08\/Logo-Yara-2.png","contentUrl":"https:\/\/hotelyara.ro\/wp-content\/uploads\/2015\/08\/Logo-Yara-2.png","width":1080,"height":1080,"caption":"Bucur\u0103-te de ospitalitatea autentic\u0103 la Hotelul Yara din Viseu de Sus"},"image":{"@id":"https:\/\/hotelyara.ro\/#\/schema\/logo\/image\/"},"sameAs":["https:\/\/www.facebook.com\/hotelyara.mm\/","https:\/\/www.instagram.com\/hotel.yara\/"]}]}},"_links":{"self":[{"href":"https:\/\/hotelyara.ro\/en\/wp-json\/wp\/v2\/pages\/987852","targetHints":{"allow":["GET"]}}],"collection":[{"href":"https:\/\/hotelyara.ro\/en\/wp-json\/wp\/v2\/pages"}],"about":[{"href":"https:\/\/hotelyara.ro\/en\/wp-json\/wp\/v2\/types\/page"}],"author":[{"embeddable":true,"href":"https:\/\/hotelyara.ro\/en\/wp-json\/wp\/v2\/users\/1"}],"replies":[{"embeddable":true,"href":"https:\/\/hotelyara.ro\/en\/wp-json\/wp\/v2\/comments?post=987852"}],"version-history":[{"count":8,"href":"https:\/\/hotelyara.ro\/en\/wp-json\/wp\/v2\/pages\/987852\/revisions"}],"predecessor-version":[{"id":988104,"href":"https:\/\/hotelyara.ro\/en\/wp-json\/wp\/v2\/pages\/987852\/revisions\/988104"}],"wp:featuredmedia":[{"embeddable":true,"href":"https:\/\/hotelyara.ro\/en\/wp-json\/wp\/v2\/media\/987690"}],"wp:attachment":[{"href":"https:\/\/hotelyara.ro\/en\/wp-json\/wp\/v2\/media?parent=987852"}],"curies":[{"name":"wp","href":"https:\/\/api.w.org\/{rel}","templated":true}]}}