{"id":987884,"date":"2023-04-28T17:05:12","date_gmt":"2023-04-28T17:05:12","guid":{"rendered":"https:\/\/hotelyara.ro\/?page_id=987884"},"modified":"2023-11-24T21:54:05","modified_gmt":"2023-11-24T21:54:05","slug":"facilitati-spa-hotel-yara","status":"publish","type":"page","link":"https:\/\/hotelyara.ro\/en\/facilitati-spa-hotel-yara\/","title":{"rendered":"Spa facilities"},"content":{"rendered":"<div class=\"vgblk-rw-wrapper limit-wrapper\">\n<h2>\n\t\tWith 6 pools available,<br>you will surely find the perfect place to relax and enjoy a moment of peace and quiet.<br>Our water is maintained between 26 and 39 degrees Celsius, giving you the perfect feeling of warmth and comfort.<br>Come enjoy an unforgettable experience and release yourself from everyday stress!\n\t<\/h2>\n\t<ul>\n<li>The main pool<\/li>\n<li>Jacuzzi<\/li>\n<li>Jacuzzi II<\/li>\n<li>Contrast bath<\/li>\n<li>Steam bath with aromatherapy<\/li>\n<li>Salt water pool<\/li>\n<li>Artificial salt mine<\/li>\n<li>Changing rooms<\/li>\n<li>Cabinets with electric locks<\/li>\n<li>Lounge area - bar<\/li>\n<li>Terrace area for smoking<\/li>\n<\/ul>\n\t\t\t<a href=\"tel:+40750858580\" download=\"\" target=\"_self\" role=\"button\" rel=\"noopener\">\n\t\t\t\t\t\tCall for reservation\n\t\t\t\t\t<\/a>\n<h2>\n\t\tReviews\n\t<\/h2>\n\t<pre class=\"ti-widget\"><template id=\"trustindex-google-widget-html\"><div class=\"ti-widget  ti-goog ti-review-text-mode-readmore ti-text-align-left\" data-no-translation=\"true\" data-plugin-version=\"13.2.8\" data-layout-id=\"34\" data-layout-category=\"slider\" data-set-id=\"light-background-image\" data-pid=\"\" data-language=\"ro\" data-close-locale=\"\u00cenchide\" data-review-target-width=\"300\" data-css-version=\"2\" data-reply-by-locale=\"R\u0103spunsul proprietarului\" data-only-rating-locale=\"Acest utilizator a l\u0103sat doar o evaluare.\" data-pager-autoplay-timeout=\"6\"> <div class=\"ti-widget-container ti-col-3\"> <div class=\"ti-header ti-header-grid source-Google\"> <div class=\"ti-fade-container\"> <div class=\"ti-rating-text\"> <strong class=\"ti-rating ti-rating-large\"> EXCELENT <\/strong> <\/div> <span class=\"ti-stars star-lg\"><trustindex-image class=\"ti-star\" data-imgurl=\"https:\/\/cdn.trustindex.io\/assets\/platform\/Google\/star\/f.svg\" alt=\"Google\" width=\"17\" height=\"17\" loading=\"lazy\"><\/trustindex-image><trustindex-image class=\"ti-star\" data-imgurl=\"https:\/\/cdn.trustindex.io\/assets\/platform\/Google\/star\/f.svg\" alt=\"Google\" width=\"17\" height=\"17\" loading=\"lazy\"><\/trustindex-image><trustindex-image class=\"ti-star\" data-imgurl=\"https:\/\/cdn.trustindex.io\/assets\/platform\/Google\/star\/f.svg\" alt=\"Google\" width=\"17\" height=\"17\" loading=\"lazy\"><\/trustindex-image><trustindex-image class=\"ti-star\" data-imgurl=\"https:\/\/cdn.trustindex.io\/assets\/platform\/Google\/star\/f.svg\" alt=\"Google\" width=\"17\" height=\"17\" loading=\"lazy\"><\/trustindex-image><trustindex-image class=\"ti-star\" data-imgurl=\"https:\/\/cdn.trustindex.io\/assets\/platform\/Google\/star\/f.svg\" alt=\"Google\" width=\"17\" height=\"17\" loading=\"lazy\"><\/trustindex-image><\/span> <div class=\"ti-rating-text\"> <span class=\"nowrap\">Pe baza a <strong>398 de recenzii<\/strong><\/span> <\/div> <div class=\"ti-large-logo\"> <div class=\"ti-v-center\"> <trustindex-image class=\"ti-logo-fb\" data-imgurl=\"https:\/\/cdn.trustindex.io\/assets\/platform\/Google\/logo.svg\" width=\"150\" height=\"25\" loading=\"lazy\" alt=\"Google\"><\/trustindex-image> <\/div> <\/div> <\/div> <\/div> <div class=\"ti-reviews-container\"> <div class=\"ti-controls\"> <div class=\"ti-next\" aria-label=\"Urm\u0103toarea recenzie\" role=\"button\" tabindex=\"0\"><\/div> <div class=\"ti-prev\" aria-label=\"Recenzie anterioar\u0103\" role=\"button\" tabindex=\"0\"><\/div> <\/div> <div class=\"ti-reviews-container-wrapper\">  <div data-empty=\"0\" class=\"ti-review-item source-Google ti-image-layout-thumbnail\" data-id=\"cfcd208495d565ef66e7dff9f98764da\"> <div class=\"ti-inner\"> <div class=\"ti-review-header\"> <div class=\"ti-platform-icon ti-with-tooltip\"> <span class=\"ti-tooltip\">Publicat pe <\/span> <trustindex-image data-imgurl=\"https:\/\/cdn.trustindex.io\/assets\/platform\/Google\/icon.svg\" alt=\"\" width=\"20\" height=\"20\" loading=\"lazy\"><\/trustindex-image> <\/div> <div class=\"ti-profile-img\"> <trustindex-image data-imgurl=\"https:\/\/lh3.googleusercontent.com\/a\/ACg8ocKUB4vlUh99ukLn23kvcSaErnAYORLlmXnUxjT7pj70=w40-h40-c-rp-mo-br100\" alt=\"Adrian Bite profile picture\" loading=\"lazy\"><\/trustindex-image> <\/div> <div class=\"ti-profile-details\"> <div class=\"ti-name\"> Adrian Bite <\/div> <div class=\"ti-date\">Noiembrie 17, 2023<\/div> <\/div> <\/div> <span class=\"ti-stars\"><trustindex-image class=\"ti-star\" data-imgurl=\"https:\/\/cdn.trustindex.io\/assets\/platform\/Google\/star\/f.svg\" alt=\"Google\" width=\"17\" height=\"17\" loading=\"lazy\"><\/trustindex-image><trustindex-image class=\"ti-star\" data-imgurl=\"https:\/\/cdn.trustindex.io\/assets\/platform\/Google\/star\/f.svg\" alt=\"Google\" width=\"17\" height=\"17\" loading=\"lazy\"><\/trustindex-image><trustindex-image class=\"ti-star\" data-imgurl=\"https:\/\/cdn.trustindex.io\/assets\/platform\/Google\/star\/f.svg\" alt=\"Google\" width=\"17\" height=\"17\" loading=\"lazy\"><\/trustindex-image><trustindex-image class=\"ti-star\" data-imgurl=\"https:\/\/cdn.trustindex.io\/assets\/platform\/Google\/star\/f.svg\" alt=\"Google\" width=\"17\" height=\"17\" loading=\"lazy\"><\/trustindex-image><trustindex-image class=\"ti-star\" data-imgurl=\"https:\/\/cdn.trustindex.io\/assets\/platform\/Google\/star\/f.svg\" alt=\"Google\" width=\"17\" height=\"17\" loading=\"lazy\"><\/trustindex-image><span class=\"ti-verified-review ti-verified-platform\"><span class=\"ti-verified-tooltip\">Trustindex verific\u0103 c\u0103 sursa original\u0103 a recenziei este Google.<\/span><\/span><\/span> <div class=\"ti-review-text-container ti-review-content\"><!-- R-CONTENT -->Loca\u021bie excelenta \u0219i servicii irepro\u0219abile...\nOameni primitori \u0219i m\u00e2ncare foarte bun\u0103!<!-- R-CONTENT --><\/div> <span class=\"ti-read-more\" data-container=\".ti-review-content\" data-collapse-text=\"Ascunde\" data-open-text=\"Citeste mai mult\"><\/span> <\/div> <\/div>  <div data-empty=\"0\" class=\"ti-review-item source-Google ti-image-layout-thumbnail\" data-id=\"cfcd208495d565ef66e7dff9f98764da\"> <div class=\"ti-inner\"> <div class=\"ti-review-header\"> <div class=\"ti-platform-icon ti-with-tooltip\"> <span class=\"ti-tooltip\">Publicat pe <\/span> <trustindex-image data-imgurl=\"https:\/\/cdn.trustindex.io\/assets\/platform\/Google\/icon.svg\" alt=\"\" width=\"20\" height=\"20\" loading=\"lazy\"><\/trustindex-image> <\/div> <div class=\"ti-profile-img\"> <trustindex-image data-imgurl=\"https:\/\/lh3.googleusercontent.com\/a-\/ALV-UjXBas2hADEP_5OdJWsnfvCCAVB5Oy0LabFIQvTJPdRKuhM=w40-h40-c-rp-mo-br100\" alt=\"Duruttya Emil profile picture\" loading=\"lazy\"><\/trustindex-image> <\/div> <div class=\"ti-profile-details\"> <div class=\"ti-name\"> Duruttya Emil <\/div> <div class=\"ti-date\">Noiembrie 12, 2023<\/div> <\/div> <\/div> <span class=\"ti-stars\"><trustindex-image class=\"ti-star\" data-imgurl=\"https:\/\/cdn.trustindex.io\/assets\/platform\/Google\/star\/f.svg\" alt=\"Google\" width=\"17\" height=\"17\" loading=\"lazy\"><\/trustindex-image><trustindex-image class=\"ti-star\" data-imgurl=\"https:\/\/cdn.trustindex.io\/assets\/platform\/Google\/star\/f.svg\" alt=\"Google\" width=\"17\" height=\"17\" loading=\"lazy\"><\/trustindex-image><trustindex-image class=\"ti-star\" data-imgurl=\"https:\/\/cdn.trustindex.io\/assets\/platform\/Google\/star\/f.svg\" alt=\"Google\" width=\"17\" height=\"17\" loading=\"lazy\"><\/trustindex-image><trustindex-image class=\"ti-star\" data-imgurl=\"https:\/\/cdn.trustindex.io\/assets\/platform\/Google\/star\/f.svg\" alt=\"Google\" width=\"17\" height=\"17\" loading=\"lazy\"><\/trustindex-image><trustindex-image class=\"ti-star\" data-imgurl=\"https:\/\/cdn.trustindex.io\/assets\/platform\/Google\/star\/f.svg\" alt=\"Google\" width=\"17\" height=\"17\" loading=\"lazy\"><\/trustindex-image><span class=\"ti-verified-review ti-verified-platform\"><span class=\"ti-verified-tooltip\">Trustindex verific\u0103 c\u0103 sursa original\u0103 a recenziei este Google.<\/span><\/span><\/span> <div class=\"ti-review-text-container ti-review-content\"><!-- R-CONTENT -->A fost o experien\u021b\u0103 foarte pl\u0103cut\u0103 din toate punctele de vedere. Am fost cu doi copii mici \u0219i am avut parte fiecare de momente frumoase de relaxare<!-- R-CONTENT --><\/div> <span class=\"ti-read-more\" data-container=\".ti-review-content\" data-collapse-text=\"Ascunde\" data-open-text=\"Citeste mai mult\"><\/span> <\/div> <\/div>  <div data-empty=\"0\" class=\"ti-review-item source-Google ti-image-layout-thumbnail\" data-id=\"cfcd208495d565ef66e7dff9f98764da\"> <div class=\"ti-inner\"> <div class=\"ti-review-header\"> <div class=\"ti-platform-icon ti-with-tooltip\"> <span class=\"ti-tooltip\">Publicat pe <\/span> <trustindex-image data-imgurl=\"https:\/\/cdn.trustindex.io\/assets\/platform\/Google\/icon.svg\" alt=\"\" width=\"20\" height=\"20\" loading=\"lazy\"><\/trustindex-image> <\/div> <div class=\"ti-profile-img\"> <trustindex-image data-imgurl=\"https:\/\/lh3.googleusercontent.com\/a-\/ALV-UjXcs6Rxhu1Qh9-tINMmu10otxnKfHtbxo3YbXrS1UcFqQ=w40-h40-c-rp-mo-br100\" alt=\"Georgiana Maruntu profile picture\" loading=\"lazy\"><\/trustindex-image> <\/div> <div class=\"ti-profile-details\"> <div class=\"ti-name\"> Georgiana Maruntu <\/div> <div class=\"ti-date\">Noiembrie 5, 2023<\/div> <\/div> <\/div> <span class=\"ti-stars\"><trustindex-image class=\"ti-star\" data-imgurl=\"https:\/\/cdn.trustindex.io\/assets\/platform\/Google\/star\/f.svg\" alt=\"Google\" width=\"17\" height=\"17\" loading=\"lazy\"><\/trustindex-image><trustindex-image class=\"ti-star\" data-imgurl=\"https:\/\/cdn.trustindex.io\/assets\/platform\/Google\/star\/f.svg\" alt=\"Google\" width=\"17\" height=\"17\" loading=\"lazy\"><\/trustindex-image><trustindex-image class=\"ti-star\" data-imgurl=\"https:\/\/cdn.trustindex.io\/assets\/platform\/Google\/star\/f.svg\" alt=\"Google\" width=\"17\" height=\"17\" loading=\"lazy\"><\/trustindex-image><trustindex-image class=\"ti-star\" data-imgurl=\"https:\/\/cdn.trustindex.io\/assets\/platform\/Google\/star\/f.svg\" alt=\"Google\" width=\"17\" height=\"17\" loading=\"lazy\"><\/trustindex-image><trustindex-image class=\"ti-star\" data-imgurl=\"https:\/\/cdn.trustindex.io\/assets\/platform\/Google\/star\/f.svg\" alt=\"Google\" width=\"17\" height=\"17\" loading=\"lazy\"><\/trustindex-image><span class=\"ti-verified-review ti-verified-platform\"><span class=\"ti-verified-tooltip\">Trustindex verific\u0103 c\u0103 sursa original\u0103 a recenziei este Google.<\/span><\/span><\/span> <div class=\"ti-review-text-container ti-review-content\"><!-- R-CONTENT -->Cel pu\u021bin minunat!<!-- R-CONTENT --><\/div> <span class=\"ti-read-more\" data-container=\".ti-review-content\" data-collapse-text=\"Ascunde\" data-open-text=\"Citeste mai mult\"><\/span> <\/div> <\/div>  <\/div> <div class=\"ti-controls-line\"> <div class=\"dot\"><\/div> <\/div> <\/div>   <\/div> <\/div> <\/template><\/pre><div data-src=\"https:\/\/cdn.trustindex.io\/loader.js?wp-widget\" data-template-id=\"trustindex-google-widget-html\" data-css-url=\"https:\/\/hotelyara.ro\/wp-content\/uploads\/trustindex-google-widget.css?1773966339\"><\/div>\n<\/div><!-- .vgblk-rw-wrapper -->","protected":false},"excerpt":{"rendered":"<p>With 6 pools available, you are sure to find the perfect place to relax and enjoy a moment of peace and quiet. Our water is maintained between 26 and 39 degrees Celsius, giving you the perfect feeling of warmth and comfort. Come to enjoy an unforgettable experience and get rid of everyday stress!\u2026<\/p>","protected":false},"author":1,"featured_media":987704,"parent":0,"menu_order":0,"comment_status":"closed","ping_status":"closed","template":"","meta":{"inline_featured_image":false,"footnotes":""},"class_list":["post-987884","page","type-page","status-publish","has-post-thumbnail","hentry"],"yoast_head":"<!-- This site is optimized with the Yoast SEO plugin v27.3 - https:\/\/yoast.com\/product\/yoast-seo-wordpress\/ -->\n<title>Facilit\u0103\u021bi Spa - Hotel Yara<\/title>\n<meta name=\"description\" content=\"La Yara SPA pute\u021bi experimenta o adev\u0103rat\u0103 oaz\u0103 de relaxare! Apa noastr\u0103 este men\u021binut\u0103 \u00eentre 26 \u0219i 39 grade Celsius, oferindu-v\u0103 senza\u021bia perfect\u0103 de c\u0103ldur\u0103 \u0219i confort. Veni\u021bi s\u0103 v\u0103 bucura\u021bi de o experien\u021b\u0103 de neuitat \u0219i s\u0103 v\u0103 elibera\u021bi de stresul cotidian!\u201d\" \/>\n<meta name=\"robots\" content=\"index, follow, max-snippet:-1, max-image-preview:large, max-video-preview:-1\" \/>\n<link rel=\"canonical\" href=\"https:\/\/hotelyara.ro\/en\/facilitati-spa-hotel-yara\/\" \/>\n<meta property=\"og:locale\" content=\"en_US\" \/>\n<meta property=\"og:type\" content=\"article\" \/>\n<meta property=\"og:title\" content=\"Facilit\u0103\u021bi Spa - Hotel Yara\" \/>\n<meta property=\"og:description\" content=\"La Yara SPA pute\u021bi experimenta o adev\u0103rat\u0103 oaz\u0103 de relaxare! Apa noastr\u0103 este men\u021binut\u0103 \u00eentre 26 \u0219i 39 grade Celsius, oferindu-v\u0103 senza\u021bia perfect\u0103 de c\u0103ldur\u0103 \u0219i confort. Veni\u021bi s\u0103 v\u0103 bucura\u021bi de o experien\u021b\u0103 de neuitat \u0219i s\u0103 v\u0103 elibera\u021bi de stresul cotidian!\u201d\" \/>\n<meta property=\"og:url\" content=\"https:\/\/hotelyara.ro\/en\/facilitati-spa-hotel-yara\/\" \/>\n<meta property=\"og:site_name\" content=\"Hotel Yara\" \/>\n<meta property=\"article:publisher\" content=\"https:\/\/www.facebook.com\/hotelyara.mm\/\" \/>\n<meta property=\"article:modified_time\" content=\"2023-11-24T21:54:05+00:00\" \/>\n<meta property=\"og:image\" content=\"https:\/\/hotelyara.ro\/wp-content\/uploads\/2015\/08\/SPA-5-scaled.jpg\" \/>\n\t<meta property=\"og:image:width\" content=\"1620\" \/>\n\t<meta property=\"og:image:height\" content=\"1080\" \/>\n\t<meta property=\"og:image:type\" content=\"image\/jpeg\" \/>\n<meta name=\"twitter:card\" content=\"summary_large_image\" \/>\n<meta name=\"twitter:title\" content=\"Facilit\u0103\u021bi Spa - Hotel Yara\" \/>\n<meta name=\"twitter:description\" content=\"La Yara SPA pute\u021bi experimenta o adev\u0103rat\u0103 oaz\u0103 de relaxare! Apa noastr\u0103 este men\u021binut\u0103 \u00eentre 26 \u0219i 39 grade Celsius, oferindu-v\u0103 senza\u021bia perfect\u0103 de c\u0103ldur\u0103 \u0219i confort. Veni\u021bi s\u0103 v\u0103 bucura\u021bi de o experien\u021b\u0103 de neuitat \u0219i s\u0103 v\u0103 elibera\u021bi de stresul cotidian!\u201d\" \/>\n<meta name=\"twitter:image\" content=\"https:\/\/hotelyara.ro\/wp-content\/uploads\/2015\/08\/SPA-5-scaled.jpg\" \/>\n<meta name=\"twitter:label1\" content=\"Est. reading time\" \/>\n\t<meta name=\"twitter:data1\" content=\"1 minute\" \/>\n<!-- \/ Yoast SEO plugin. -->","yoast_head_json":{"title":"Spa Facilities - Hotel Yara","description":"At Yara SPA you can experience a true oasis of relaxation! Our water is maintained between 26 and 39 degrees Celsius, giving you the perfect feeling of warmth and comfort. Come enjoy an unforgettable experience and free yourself from everyday stress!\u201d","robots":{"index":"index","follow":"follow","max-snippet":"max-snippet:-1","max-image-preview":"max-image-preview:large","max-video-preview":"max-video-preview:-1"},"canonical":"https:\/\/hotelyara.ro\/en\/facilitati-spa-hotel-yara\/","og_locale":"en_US","og_type":"article","og_title":"Facilit\u0103\u021bi Spa - Hotel Yara","og_description":"La Yara SPA pute\u021bi experimenta o adev\u0103rat\u0103 oaz\u0103 de relaxare! Apa noastr\u0103 este men\u021binut\u0103 \u00eentre 26 \u0219i 39 grade Celsius, oferindu-v\u0103 senza\u021bia perfect\u0103 de c\u0103ldur\u0103 \u0219i confort. Veni\u021bi s\u0103 v\u0103 bucura\u021bi de o experien\u021b\u0103 de neuitat \u0219i s\u0103 v\u0103 elibera\u021bi de stresul cotidian!\u201d","og_url":"https:\/\/hotelyara.ro\/en\/facilitati-spa-hotel-yara\/","og_site_name":"Hotel Yara","article_publisher":"https:\/\/www.facebook.com\/hotelyara.mm\/","article_modified_time":"2023-11-24T21:54:05+00:00","og_image":[{"width":1620,"height":1080,"url":"https:\/\/hotelyara.ro\/wp-content\/uploads\/2015\/08\/SPA-5-scaled.jpg","type":"image\/jpeg"}],"twitter_card":"summary_large_image","twitter_title":"Facilit\u0103\u021bi Spa - Hotel Yara","twitter_description":"La Yara SPA pute\u021bi experimenta o adev\u0103rat\u0103 oaz\u0103 de relaxare! Apa noastr\u0103 este men\u021binut\u0103 \u00eentre 26 \u0219i 39 grade Celsius, oferindu-v\u0103 senza\u021bia perfect\u0103 de c\u0103ldur\u0103 \u0219i confort. Veni\u021bi s\u0103 v\u0103 bucura\u021bi de o experien\u021b\u0103 de neuitat \u0219i s\u0103 v\u0103 elibera\u021bi de stresul cotidian!\u201d","twitter_image":"https:\/\/hotelyara.ro\/wp-content\/uploads\/2015\/08\/SPA-5-scaled.jpg","twitter_misc":{"Est. reading time":"1 minute"},"schema":{"@context":"https:\/\/schema.org","@graph":[{"@type":"WebPage","@id":"https:\/\/hotelyara.ro\/facilitati-spa-hotel-yara\/","url":"https:\/\/hotelyara.ro\/facilitati-spa-hotel-yara\/","name":"Spa Facilities - Hotel Yara","isPartOf":{"@id":"https:\/\/hotelyara.ro\/#website"},"primaryImageOfPage":{"@id":"https:\/\/hotelyara.ro\/facilitati-spa-hotel-yara\/#primaryimage"},"image":{"@id":"https:\/\/hotelyara.ro\/facilitati-spa-hotel-yara\/#primaryimage"},"thumbnailUrl":"https:\/\/hotelyara.ro\/wp-content\/uploads\/2015\/08\/SPA-5-scaled.jpg","datePublished":"2023-04-28T17:05:12+00:00","dateModified":"2023-11-24T21:54:05+00:00","description":"At Yara SPA you can experience a true oasis of relaxation! Our water is maintained between 26 and 39 degrees Celsius, giving you the perfect feeling of warmth and comfort. Come enjoy an unforgettable experience and free yourself from everyday stress!\u201d","breadcrumb":{"@id":"https:\/\/hotelyara.ro\/facilitati-spa-hotel-yara\/#breadcrumb"},"inLanguage":"en-US","potentialAction":[{"@type":"ReadAction","target":["https:\/\/hotelyara.ro\/facilitati-spa-hotel-yara\/"]}]},{"@type":"ImageObject","inLanguage":"en-US","@id":"https:\/\/hotelyara.ro\/facilitati-spa-hotel-yara\/#primaryimage","url":"https:\/\/hotelyara.ro\/wp-content\/uploads\/2015\/08\/SPA-5-scaled.jpg","contentUrl":"https:\/\/hotelyara.ro\/wp-content\/uploads\/2015\/08\/SPA-5-scaled.jpg","width":1620,"height":1080,"caption":"Maramures , Viseu de sus , Mocanita , Hotel Yara , Piscina , Spa"},{"@type":"BreadcrumbList","@id":"https:\/\/hotelyara.ro\/facilitati-spa-hotel-yara\/#breadcrumb","itemListElement":[{"@type":"ListItem","position":1,"name":"Home","item":"https:\/\/hotelyara.ro\/"},{"@type":"ListItem","position":2,"name":"Facilit\u0103\u021bi Spa"}]},{"@type":"WebSite","@id":"https:\/\/hotelyara.ro\/#website","url":"https:\/\/hotelyara.ro\/","name":"Enjoy authentic hospitality at Hotel Yara in Viseu de Sus","description":"","publisher":{"@id":"https:\/\/hotelyara.ro\/#organization"},"potentialAction":[{"@type":"SearchAction","target":{"@type":"EntryPoint","urlTemplate":"https:\/\/hotelyara.ro\/?s={search_term_string}"},"query-input":{"@type":"PropertyValueSpecification","valueRequired":true,"valueName":"search_term_string"}}],"inLanguage":"en-US"},{"@type":"Organization","@id":"https:\/\/hotelyara.ro\/#organization","name":"Enjoy authentic hospitality at Hotel Yara in Viseu de Sus","url":"https:\/\/hotelyara.ro\/","logo":{"@type":"ImageObject","inLanguage":"en-US","@id":"https:\/\/hotelyara.ro\/#\/schema\/logo\/image\/","url":"https:\/\/hotelyara.ro\/wp-content\/uploads\/2015\/08\/Logo-Yara-2.png","contentUrl":"https:\/\/hotelyara.ro\/wp-content\/uploads\/2015\/08\/Logo-Yara-2.png","width":1080,"height":1080,"caption":"Bucur\u0103-te de ospitalitatea autentic\u0103 la Hotelul Yara din Viseu de Sus"},"image":{"@id":"https:\/\/hotelyara.ro\/#\/schema\/logo\/image\/"},"sameAs":["https:\/\/www.facebook.com\/hotelyara.mm\/","https:\/\/www.instagram.com\/hotel.yara\/"]}]}},"_links":{"self":[{"href":"https:\/\/hotelyara.ro\/en\/wp-json\/wp\/v2\/pages\/987884","targetHints":{"allow":["GET"]}}],"collection":[{"href":"https:\/\/hotelyara.ro\/en\/wp-json\/wp\/v2\/pages"}],"about":[{"href":"https:\/\/hotelyara.ro\/en\/wp-json\/wp\/v2\/types\/page"}],"author":[{"embeddable":true,"href":"https:\/\/hotelyara.ro\/en\/wp-json\/wp\/v2\/users\/1"}],"replies":[{"embeddable":true,"href":"https:\/\/hotelyara.ro\/en\/wp-json\/wp\/v2\/comments?post=987884"}],"version-history":[{"count":14,"href":"https:\/\/hotelyara.ro\/en\/wp-json\/wp\/v2\/pages\/987884\/revisions"}],"predecessor-version":[{"id":987978,"href":"https:\/\/hotelyara.ro\/en\/wp-json\/wp\/v2\/pages\/987884\/revisions\/987978"}],"wp:featuredmedia":[{"embeddable":true,"href":"https:\/\/hotelyara.ro\/en\/wp-json\/wp\/v2\/media\/987704"}],"wp:attachment":[{"href":"https:\/\/hotelyara.ro\/en\/wp-json\/wp\/v2\/media?parent=987884"}],"curies":[{"name":"wp","href":"https:\/\/api.w.org\/{rel}","templated":true}]}}