{"id":988021,"date":"2023-11-10T14:06:23","date_gmt":"2023-11-10T14:06:23","guid":{"rendered":"https:\/\/hotelyara.ro\/?page_id=988021"},"modified":"2023-11-11T21:58:29","modified_gmt":"2023-11-11T21:58:29","slug":"descopera-maramuresul-blog","status":"publish","type":"page","link":"https:\/\/hotelyara.ro\/en\/descopera-maramuresul-blog\/","title":{"rendered":"BLOGS"},"content":{"rendered":"<div class=\"vgblk-rw-wrapper limit-wrapper\">\n\n\t<p>In the midst of the beauty of Maramure\u0219, we invite you to step into our universe, where nature becomes a story and every corner hides a fascinating discovery. Whether you seek tranquility or adventure, we are here to guide you on your journey through the authentic heart of this region.<\/p>\n<p><strong>Explore Maramure\u015f Through Our Eyes<\/strong><\/p>\n<p>Our blog is a window to the enchanting landscapes and rich traditions of Maramure\u0219. Our articles will take you through unique experiences and inspire you to venture on this journey full of surprises.<\/p>\n<p><strong>Choose Categories, Share Emotions<\/strong><\/p>\n<p>With diversified categories, we invite you to explore every aspect of Maramure\u0219. From relaxation to adventure to connecting with authentic nature, find here resources that will enrich your experience.<\/p>\n<p>We invite you to join our community and share the joy of discovery in this fascinating natural universe.<\/p>\n\n<\/div><!-- .vgblk-rw-wrapper -->","protected":false},"excerpt":{"rendered":"<p>In the midst of the beauty of Maramure\u0219, we invite you to step into our universe, where nature becomes a story and every corner hides a fascinating discovery. Whether you seek tranquility or adventure, we are here to guide you on your journey through the authentic heart of this region. Explore Maramure\u015f Through Our Eyes Our blog is a window to the landscapes\u2026<\/p>","protected":false},"author":1,"featured_media":0,"parent":0,"menu_order":0,"comment_status":"closed","ping_status":"closed","template":"","meta":{"inline_featured_image":false,"footnotes":""},"class_list":["post-988021","page","type-page","status-publish","hentry"],"yoast_head":"<!-- This site is optimized with the Yoast SEO plugin v27.4 - https:\/\/yoast.com\/product\/yoast-seo-wordpress\/ -->\n<title>Blog Hotel Yara - C\u0103l\u0103torie Virtual\u0103 prin Maramure\u0219<\/title>\n<meta name=\"description\" content=\"Blogul hotelului nostru din Vi\u0219eu de Sus este destina\u021bia ta online pentru informa\u021bii autentice despre Maramure\u0219. Afl\u0103 secretele frumuse\u021bilor naturale \u0219i de relaxare din zon\u0103.\" \/>\n<meta name=\"robots\" content=\"index, follow, max-snippet:-1, max-image-preview:large, max-video-preview:-1\" \/>\n<link rel=\"canonical\" href=\"https:\/\/hotelyara.ro\/en\/descopera-maramuresul-blog\/\" \/>\n<meta property=\"og:locale\" content=\"en_US\" \/>\n<meta property=\"og:type\" content=\"article\" \/>\n<meta property=\"og:title\" content=\"Blog Hotel Yara - C\u0103l\u0103torie Virtual\u0103 prin Maramure\u0219\" \/>\n<meta property=\"og:description\" content=\"Blogul hotelului nostru din Vi\u0219eu de Sus este destina\u021bia ta online pentru informa\u021bii autentice despre Maramure\u0219. Afl\u0103 secretele frumuse\u021bilor naturale \u0219i de relaxare din zon\u0103.\" \/>\n<meta property=\"og:url\" content=\"https:\/\/hotelyara.ro\/en\/descopera-maramuresul-blog\/\" \/>\n<meta property=\"og:site_name\" content=\"Hotel Yara\" \/>\n<meta property=\"article:publisher\" content=\"https:\/\/www.facebook.com\/hotelyara.mm\/\" \/>\n<meta property=\"article:modified_time\" content=\"2023-11-11T21:58:29+00:00\" \/>\n<meta name=\"twitter:card\" content=\"summary_large_image\" \/>\n<meta name=\"twitter:label1\" content=\"Est. reading time\" \/>\n\t<meta name=\"twitter:data1\" content=\"1 minute\" \/>\n<!-- \/ Yoast SEO plugin. -->","yoast_head_json":{"title":"Blog Hotel Yara - Virtual Journey through Maramure\u0219","description":"Our hotel blog in Vi\u0219eu de Sus is your online destination for authentic information about Maramure\u0219. Discover the secrets of the area&#039;s natural beauty and relaxation.","robots":{"index":"index","follow":"follow","max-snippet":"max-snippet:-1","max-image-preview":"max-image-preview:large","max-video-preview":"max-video-preview:-1"},"canonical":"https:\/\/hotelyara.ro\/en\/descopera-maramuresul-blog\/","og_locale":"en_US","og_type":"article","og_title":"Blog Hotel Yara - C\u0103l\u0103torie Virtual\u0103 prin Maramure\u0219","og_description":"Blogul hotelului nostru din Vi\u0219eu de Sus este destina\u021bia ta online pentru informa\u021bii autentice despre Maramure\u0219. Afl\u0103 secretele frumuse\u021bilor naturale \u0219i de relaxare din zon\u0103.","og_url":"https:\/\/hotelyara.ro\/en\/descopera-maramuresul-blog\/","og_site_name":"Hotel Yara","article_publisher":"https:\/\/www.facebook.com\/hotelyara.mm\/","article_modified_time":"2023-11-11T21:58:29+00:00","twitter_card":"summary_large_image","twitter_misc":{"Est. reading time":"1 minute"},"schema":{"@context":"https:\/\/schema.org","@graph":[{"@type":"WebPage","@id":"https:\/\/hotelyara.ro\/descopera-maramuresul-blog\/","url":"https:\/\/hotelyara.ro\/descopera-maramuresul-blog\/","name":"Blog Hotel Yara - Virtual Journey through Maramure\u0219","isPartOf":{"@id":"https:\/\/hotelyara.ro\/#website"},"datePublished":"2023-11-10T14:06:23+00:00","dateModified":"2023-11-11T21:58:29+00:00","description":"Our hotel blog in Vi\u0219eu de Sus is your online destination for authentic information about Maramure\u0219. Discover the secrets of the area&#039;s natural beauty and relaxation.","breadcrumb":{"@id":"https:\/\/hotelyara.ro\/descopera-maramuresul-blog\/#breadcrumb"},"inLanguage":"en-US","potentialAction":[{"@type":"ReadAction","target":["https:\/\/hotelyara.ro\/descopera-maramuresul-blog\/"]}]},{"@type":"BreadcrumbList","@id":"https:\/\/hotelyara.ro\/descopera-maramuresul-blog\/#breadcrumb","itemListElement":[{"@type":"ListItem","position":1,"name":"Home","item":"https:\/\/hotelyara.ro\/"},{"@type":"ListItem","position":2,"name":"Blog"}]},{"@type":"WebSite","@id":"https:\/\/hotelyara.ro\/#website","url":"https:\/\/hotelyara.ro\/","name":"Enjoy authentic hospitality at Hotel Yara in Viseu de Sus","description":"","publisher":{"@id":"https:\/\/hotelyara.ro\/#organization"},"potentialAction":[{"@type":"SearchAction","target":{"@type":"EntryPoint","urlTemplate":"https:\/\/hotelyara.ro\/?s={search_term_string}"},"query-input":{"@type":"PropertyValueSpecification","valueRequired":true,"valueName":"search_term_string"}}],"inLanguage":"en-US"},{"@type":"Organization","@id":"https:\/\/hotelyara.ro\/#organization","name":"Enjoy authentic hospitality at Hotel Yara in Viseu de Sus","url":"https:\/\/hotelyara.ro\/","logo":{"@type":"ImageObject","inLanguage":"en-US","@id":"https:\/\/hotelyara.ro\/#\/schema\/logo\/image\/","url":"https:\/\/hotelyara.ro\/wp-content\/uploads\/2015\/08\/Logo-Yara-2.png","contentUrl":"https:\/\/hotelyara.ro\/wp-content\/uploads\/2015\/08\/Logo-Yara-2.png","width":1080,"height":1080,"caption":"Bucur\u0103-te de ospitalitatea autentic\u0103 la Hotelul Yara din Viseu de Sus"},"image":{"@id":"https:\/\/hotelyara.ro\/#\/schema\/logo\/image\/"},"sameAs":["https:\/\/www.facebook.com\/hotelyara.mm\/","https:\/\/www.instagram.com\/hotel.yara\/"]}]}},"_links":{"self":[{"href":"https:\/\/hotelyara.ro\/en\/wp-json\/wp\/v2\/pages\/988021","targetHints":{"allow":["GET"]}}],"collection":[{"href":"https:\/\/hotelyara.ro\/en\/wp-json\/wp\/v2\/pages"}],"about":[{"href":"https:\/\/hotelyara.ro\/en\/wp-json\/wp\/v2\/types\/page"}],"author":[{"embeddable":true,"href":"https:\/\/hotelyara.ro\/en\/wp-json\/wp\/v2\/users\/1"}],"replies":[{"embeddable":true,"href":"https:\/\/hotelyara.ro\/en\/wp-json\/wp\/v2\/comments?post=988021"}],"version-history":[{"count":5,"href":"https:\/\/hotelyara.ro\/en\/wp-json\/wp\/v2\/pages\/988021\/revisions"}],"predecessor-version":[{"id":988069,"href":"https:\/\/hotelyara.ro\/en\/wp-json\/wp\/v2\/pages\/988021\/revisions\/988069"}],"wp:attachment":[{"href":"https:\/\/hotelyara.ro\/en\/wp-json\/wp\/v2\/media?parent=988021"}],"curies":[{"name":"wp","href":"https:\/\/api.w.org\/{rel}","templated":true}]}}