{"id":988118,"date":"2024-02-19T18:18:58","date_gmt":"2024-02-19T18:18:58","guid":{"rendered":"https:\/\/hotelyara.ro\/?page_id=988118"},"modified":"2024-02-19T18:33:44","modified_gmt":"2024-02-19T18:33:44","slug":"regulament-ordine-interioara","status":"publish","type":"page","link":"https:\/\/hotelyara.ro\/en\/regulament-ordine-interioara\/","title":{"rendered":"Internal Order Regulation"},"content":{"rendered":"<div class=\"vgblk-rw-wrapper limit-wrapper\">\n\n\t<p><strong>OUR HOTEL RULES<\/strong><\/p>\n<ol>\n<li><strong>Accommodation and Room Release Schedule<\/strong>\n<ul>\n<li>Check-in is done after 3:00 p.m., and the room is checked out by 11:00 a.m.<\/li>\n<li>Leaving the room after this time involves paying 100% of the room price for that day (up to 3 hours).<\/li>\n<\/ul>\n<\/li>\n<li><strong>Prohibition of Smoking and Vaping<\/strong>\n<ul>\n<li>Smoking and vaping (electronic cigarette) is strictly prohibited inside the hotel.<\/li>\n<li>Otherwise, the penalty is 1000 RON.<\/li>\n<li>In the case of triggering the fire alarm for this reason, the material damages will be paid which will be determined in court, this involving the intervention of the competent bodies.<\/li>\n<\/ul>\n<\/li>\n<li><strong>Prohibition of Own Food and Beverage Consumption in Public Spaces<\/strong>\n<ul>\n<li>It is forbidden to consume your own drinks and food or food brought from outside the hotel in the public areas (terrace\/restaurant\/SPA).<\/li>\n<li>Violation of these rules entails the exclusion of the guest and his partners from the property, with the cancellation of the stay and non-reimbursement of the funds paid for it.<\/li>\n<\/ul>\n<\/li>\n<li><strong>Guest Liability for Accidents<\/strong>\n<ul>\n<li>Any accident that occurs as a result of improper use of the equipment or non-compliance with this regulation is the guest&#039;s responsibility.<\/li>\n<\/ul>\n<\/li>\n<li><strong>Prohibition of the Use of Electrical Appliances in the Hotel Rooms<\/strong>\n<ul>\n<li>It is not allowed to use electrical appliances in the hotel rooms (microwave oven, espresso machine, coffee filter, kettle, etc.), as there is a risk of fire\/short circuit.<\/li>\n<li>In case of non-compliance with this point, action will be taken according to point 2.<\/li>\n<\/ul>\n<\/li>\n<li><strong>Maintaining Cleanliness During the Stay<\/strong>\n<ul>\n<li>During the stay at Hotel Yara, guests have the obligation to maintain cleanliness by using the trash cans located in the hotel\/parking lot or they can ask for the help of employees to dispose of excessive trash.<\/li>\n<\/ul>\n<\/li>\n<li><strong>Serving Dishes During the Meal Program<\/strong>\n<ul>\n<li>Breakfast\/lunch\/dinner dishes are served only during meal times, in the restaurant or on its terrace.<\/li>\n<\/ul>\n<\/li>\n<li><strong>Parking Fee and Liability<\/strong>\n<ul>\n<li>The hotel complex does not charge a parking fee and does not assume responsibility for any problems that may arise (theft from\/from cars, damage due to wrong maneuvers, etc.).<\/li>\n<\/ul>\n<\/li>\n<li><strong>Handing in the Access Card at the Reception<\/strong>\n<ul>\n<li>Handing over the access card to the reception is done after the room has been checked by the hotel staff.<\/li>\n<\/ul>\n<\/li>\n<li><strong>Prohibition of Drug Use<\/strong>\n<ul>\n<li>The use of drugs is strictly prohibited within the hotel perimeter.<\/li>\n<\/ul>\n<\/li>\n<\/ol>\n<p>These rules are intended to ensure the comfort and safety of all our guests. Thank you for your understanding and compliance.<\/p>\n\n<\/div><!-- .vgblk-rw-wrapper -->","protected":false},"excerpt":{"rendered":"<p>OUR HOTEL RULES Check-in and Room Check-out Hours Check-in takes place after 3:00 p.m., and room check-out is done by 11:00 a.m. Leaving the room after this time involves paying 100% of the room price for that day (up to 3 hours). Prohibition of Smoking and Vaping Smoking and vaping are strictly prohibited (cigarette...<\/p>","protected":false},"author":1,"featured_media":0,"parent":0,"menu_order":0,"comment_status":"closed","ping_status":"closed","template":"","meta":{"inline_featured_image":false,"footnotes":""},"class_list":["post-988118","page","type-page","status-publish","hentry"],"yoast_head":"<!-- This site is optimized with the Yoast SEO plugin v27.4 - https:\/\/yoast.com\/product\/yoast-seo-wordpress\/ -->\n<title>Regulament Ordine Interioara - Hotel Yara<\/title>\n<meta name=\"robots\" content=\"index, follow, max-snippet:-1, max-image-preview:large, max-video-preview:-1\" \/>\n<link rel=\"canonical\" href=\"https:\/\/hotelyara.ro\/en\/regulament-ordine-interioara\/\" \/>\n<meta property=\"og:locale\" content=\"en_US\" \/>\n<meta property=\"og:type\" content=\"article\" \/>\n<meta property=\"og:title\" content=\"Regulament Ordine Interioara - Hotel Yara\" \/>\n<meta property=\"og:description\" content=\"REGULILE HOTELULUI NOSTRU Orar de Cazare \u0219i Eliberare a Camerelor Cazarea se efectueaz\u0103 dup\u0103 ora 15:00, iar eliberarea camerei se face p\u00e2n\u0103 la ora 11:00. Eliberarea camerei dup\u0103 aceast\u0103 or\u0103 implic\u0103 achitarea a 100% din pre\u021bul camerei \u00een ziua respectiv\u0103 (p\u00e2n\u0103 la 3 ore). Interzicerea Fumatului \u0219i Vapatului Este strict interzis fumatul \u0219i vapatul (tigara...\" \/>\n<meta property=\"og:url\" content=\"https:\/\/hotelyara.ro\/en\/regulament-ordine-interioara\/\" \/>\n<meta property=\"og:site_name\" content=\"Hotel Yara\" \/>\n<meta property=\"article:publisher\" content=\"https:\/\/www.facebook.com\/hotelyara.mm\/\" \/>\n<meta property=\"article:modified_time\" content=\"2024-02-19T18:33:44+00:00\" \/>\n<meta name=\"twitter:card\" content=\"summary_large_image\" \/>\n<!-- \/ Yoast SEO plugin. -->","yoast_head_json":{"title":"Internal Order Regulations - Hotel Yara","robots":{"index":"index","follow":"follow","max-snippet":"max-snippet:-1","max-image-preview":"max-image-preview:large","max-video-preview":"max-video-preview:-1"},"canonical":"https:\/\/hotelyara.ro\/en\/regulament-ordine-interioara\/","og_locale":"en_US","og_type":"article","og_title":"Regulament Ordine Interioara - Hotel Yara","og_description":"REGULILE HOTELULUI NOSTRU Orar de Cazare \u0219i Eliberare a Camerelor Cazarea se efectueaz\u0103 dup\u0103 ora 15:00, iar eliberarea camerei se face p\u00e2n\u0103 la ora 11:00. Eliberarea camerei dup\u0103 aceast\u0103 or\u0103 implic\u0103 achitarea a 100% din pre\u021bul camerei \u00een ziua respectiv\u0103 (p\u00e2n\u0103 la 3 ore). Interzicerea Fumatului \u0219i Vapatului Este strict interzis fumatul \u0219i vapatul (tigara...","og_url":"https:\/\/hotelyara.ro\/en\/regulament-ordine-interioara\/","og_site_name":"Hotel Yara","article_publisher":"https:\/\/www.facebook.com\/hotelyara.mm\/","article_modified_time":"2024-02-19T18:33:44+00:00","twitter_card":"summary_large_image","schema":{"@context":"https:\/\/schema.org","@graph":[{"@type":"WebPage","@id":"https:\/\/hotelyara.ro\/regulament-ordine-interioara\/","url":"https:\/\/hotelyara.ro\/regulament-ordine-interioara\/","name":"Internal Order Regulations - Hotel Yara","isPartOf":{"@id":"https:\/\/hotelyara.ro\/#website"},"datePublished":"2024-02-19T18:18:58+00:00","dateModified":"2024-02-19T18:33:44+00:00","breadcrumb":{"@id":"https:\/\/hotelyara.ro\/regulament-ordine-interioara\/#breadcrumb"},"inLanguage":"en-US","potentialAction":[{"@type":"ReadAction","target":["https:\/\/hotelyara.ro\/regulament-ordine-interioara\/"]}]},{"@type":"BreadcrumbList","@id":"https:\/\/hotelyara.ro\/regulament-ordine-interioara\/#breadcrumb","itemListElement":[{"@type":"ListItem","position":1,"name":"Home","item":"https:\/\/hotelyara.ro\/"},{"@type":"ListItem","position":2,"name":"Regulament Ordine Interioara"}]},{"@type":"WebSite","@id":"https:\/\/hotelyara.ro\/#website","url":"https:\/\/hotelyara.ro\/","name":"Enjoy authentic hospitality at Hotel Yara in Viseu de Sus","description":"","publisher":{"@id":"https:\/\/hotelyara.ro\/#organization"},"potentialAction":[{"@type":"SearchAction","target":{"@type":"EntryPoint","urlTemplate":"https:\/\/hotelyara.ro\/?s={search_term_string}"},"query-input":{"@type":"PropertyValueSpecification","valueRequired":true,"valueName":"search_term_string"}}],"inLanguage":"en-US"},{"@type":"Organization","@id":"https:\/\/hotelyara.ro\/#organization","name":"Enjoy authentic hospitality at Hotel Yara in Viseu de Sus","url":"https:\/\/hotelyara.ro\/","logo":{"@type":"ImageObject","inLanguage":"en-US","@id":"https:\/\/hotelyara.ro\/#\/schema\/logo\/image\/","url":"https:\/\/hotelyara.ro\/wp-content\/uploads\/2015\/08\/Logo-Yara-2.png","contentUrl":"https:\/\/hotelyara.ro\/wp-content\/uploads\/2015\/08\/Logo-Yara-2.png","width":1080,"height":1080,"caption":"Bucur\u0103-te de ospitalitatea autentic\u0103 la Hotelul Yara din Viseu de Sus"},"image":{"@id":"https:\/\/hotelyara.ro\/#\/schema\/logo\/image\/"},"sameAs":["https:\/\/www.facebook.com\/hotelyara.mm\/","https:\/\/www.instagram.com\/hotel.yara\/"]}]}},"_links":{"self":[{"href":"https:\/\/hotelyara.ro\/en\/wp-json\/wp\/v2\/pages\/988118","targetHints":{"allow":["GET"]}}],"collection":[{"href":"https:\/\/hotelyara.ro\/en\/wp-json\/wp\/v2\/pages"}],"about":[{"href":"https:\/\/hotelyara.ro\/en\/wp-json\/wp\/v2\/types\/page"}],"author":[{"embeddable":true,"href":"https:\/\/hotelyara.ro\/en\/wp-json\/wp\/v2\/users\/1"}],"replies":[{"embeddable":true,"href":"https:\/\/hotelyara.ro\/en\/wp-json\/wp\/v2\/comments?post=988118"}],"version-history":[{"count":3,"href":"https:\/\/hotelyara.ro\/en\/wp-json\/wp\/v2\/pages\/988118\/revisions"}],"predecessor-version":[{"id":988127,"href":"https:\/\/hotelyara.ro\/en\/wp-json\/wp\/v2\/pages\/988118\/revisions\/988127"}],"wp:attachment":[{"href":"https:\/\/hotelyara.ro\/en\/wp-json\/wp\/v2\/media?parent=988118"}],"curies":[{"name":"wp","href":"https:\/\/api.w.org\/{rel}","templated":true}]}}